{"id":10121,"date":"2024-03-03T12:54:52","date_gmt":"2024-03-03T11:54:52","guid":{"rendered":"https:\/\/www.mamparasnorte.com\/?post_type=product&#038;p=10121"},"modified":"2024-03-03T12:56:19","modified_gmt":"2024-03-03T11:56:19","slug":"manillons-torrent-espejo-vitara-plus","status":"publish","type":"product","link":"http:\/\/www.mamparasnorte.com\/index.php\/producto\/manillons-torrent-espejo-vitara-plus\/","title":{"rendered":"Manillons Torrent Espejo Vitara Plus"},"content":{"rendered":"<div class=\"vc_row wpb_row vc_row-fluid ult-vc-hide-row vc_row-has-fill\" data-rtl=\"false\" data-row-effect-mobile-disable=\"true\">\n<div class=\"wpb_column vc_column_container vc_col-sm-4\">\n<div class=\"vc_column-inner\">\n<div class=\"wpb_wrapper\"><\/div>\n<\/div>\n<\/div>\n<\/div>\n<div class=\"vc_row wpb_row vc_row-fluid\">\n<div class=\"wpb_column vc_column_container vc_col-sm-12\">\n<div class=\"vc_column-inner\">\n<div class=\"wpb_wrapper\">\n<div class=\"wpb_text_column wpb_content_element \">\n<div class=\"vc_row wpb_row vc_row-fluid ult-vc-hide-row vc_row-has-fill\" data-rtl=\"false\" data-row-effect-mobile-disable=\"true\">\n<div class=\"wpb_column vc_column_container vc_col-sm-4\">\n<div class=\"vc_column-inner\">\n<div class=\"wpb_wrapper\">\n<div class=\"wpb_text_column wpb_content_element \">\n<div class=\"wpb_wrapper\">\n<div class=\"vc_row wpb_row vc_row-fluid ult-vc-hide-row vc_row-has-fill\" data-rtl=\"false\" data-row-effect-mobile-disable=\"true\">\n<div class=\"wpb_column vc_column_container vc_col-sm-4\">\n<div class=\"vc_column-inner\">\n<div class=\"wpb_wrapper\">\n<div class=\"wpb_text_column wpb_content_element \">\n<div class=\"wpb_wrapper\">\n<div class=\"vc_row wpb_row vc_row-fluid\">\n<div class=\"wpb_column vc_column_container vc_col-sm-12\">\n<div class=\"vc_column-inner\">\n<div class=\"wpb_wrapper\">\n<div class=\"wpb_text_column wpb_content_element \">\n<div class=\"vc_row wpb_row vc_row-fluid\">\n<div class=\"wpb_column vc_column_container vc_col-sm-12\">\n<div class=\"vc_column-inner\">\n<div class=\"wpb_wrapper\">\n<div class=\"wpb_text_column wpb_content_element \">\n<div class=\"vc_row wpb_row vc_row-fluid\">\n<div class=\"wpb_column vc_column_container vc_col-sm-12\">\n<div class=\"vc_column-inner\">\n<div class=\"wpb_wrapper\">\n<div class=\"wpb_text_column wpb_content_element \">\n<div class=\"vc_row wpb_row vc_row-fluid\">\n<div class=\"wpb_column vc_column_container vc_col-sm-12\">\n<div class=\"vc_column-inner\">\n<div class=\"wpb_wrapper\">\n<div class=\"wpb_text_column wpb_content_element \">\n<div class=\"wpb_text_column wpb_content_element \">\n<div class=\"wpb_wrapper\">\n<div class=\"wpb_text_column wpb_content_element \">\n<div class=\"wpb_wrapper\">\n<div class=\"wpb_text_column wpb_content_element \">\n<div class=\"wpb_wrapper\">\n<div class=\"wpb_text_column wpb_content_element \">\n<div class=\"wpb_wrapper\">\n<h2><\/h2>\n<div class=\"wpb_text_column wpb_content_element \">\n<div class=\"wpb_wrapper\"><\/div>\n<\/div>\n<div class=\"wpb_gallery wpb_content_element clearfix\">\n<div class=\"wpb_wrapper\">\n<div class=\"wpb_gallery_slides wpb_slider_nivo theme-default\" data-interval=\"3\">\n<div class=\"nivoSlider\">\n<div class=\"wpb_text_column wpb_content_element \">\n<div class=\"wpb_wrapper\">\n<h2>ESPEJO VITARA PLUS<\/h2>\n<h4>CON LUZ LED FRONTAL<\/h4>\n<\/div>\n<\/div>\n<div class=\"wpb_text_column wpb_content_element \">\n<div class=\"wpb_wrapper\">\n<p>El espejo Vitara se caracteriza por su luz Led frontal en todo su per\u00edmetro, sus cantos romos dan a este espejo un look agradable ideal para ambientes con estilo rom\u00e1ntico. El espejo Vitara dispone de de un sensor para encender su sistema antivaho que evita la condensaci\u00f3n en el espejo y de un sensor tambi\u00e9n t\u00e1ctil on\/off de encendido y apagado. Con dos tipos de luz, c\u00e1lida y neutra.<\/p>\n<\/div>\n<\/div>\n<div class=\"wpb_gallery wpb_content_element   clearfix\">\n<div class=\"wpb_wrapper\">\n<div class=\"wpb_gallery_slides wpb_slider_nivo theme-default\" data-interval=\"3\">\n<div class=\"nivoSlider\"><\/div>\n<\/div>\n<\/div>\n<\/div>\n<\/div>\n<\/div>\n<\/div>\n<\/div>\n<\/div>\n<\/div>\n<div class=\"wpb_gallery wpb_content_element clearfix\">\n<div class=\"wpb_wrapper\">\n<div class=\"wpb_gallery_slides wpb_slider_nivo theme-default\" data-interval=\"3\">\n<div class=\"nivoSlider\">\n<div class=\"wpb_text_column wpb_content_element \">\n<div class=\"wpb_wrapper\">\n<div class=\"wpb_text_column wpb_content_element \">\n<div class=\"wpb_wrapper\"><\/div>\n<\/div>\n<div class=\"wpb_text_column wpb_content_element \">\n<div class=\"wpb_wrapper\">\n<p>&nbsp;<\/p>\n<\/div>\n<\/div>\n<div class=\"wpb_gallery wpb_content_element clearfix\">\n<div class=\"wpb_wrapper\">\n<div class=\"wpb_gallery_slides wpb_slider_nivo theme-default\" data-interval=\"3\">\n<div class=\"nivoSlider\"><\/div>\n<\/div>\n<\/div>\n<\/div>\n<\/div>\n<\/div>\n<\/div>\n<\/div>\n<\/div>\n<\/div>\n<\/div>\n<\/div>\n<\/div>\n<\/div>\n<\/div>\n<\/div>\n<div class=\"wpb_gallery wpb_content_element clearfix\">\n<div class=\"wpb_wrapper\">\n<div class=\"wpb_gallery_slides wpb_slider_nivo theme-default\" data-interval=\"3\">\n<div class=\"nivoSlider\"><\/div>\n<\/div>\n<\/div>\n<\/div>\n<\/div>\n<\/div>\n<\/div>\n<\/div>\n<\/div>\n<\/div>\n<\/div>\n<\/div>\n<\/div>\n<\/div>\n<p>&nbsp;<\/p>\n<\/div>\n<\/div>\n<\/div>\n<\/div>\n<\/div>\n<\/div>\n<\/div>\n<\/div>\n<\/div>\n<\/div>\n<\/div>\n<\/div>\n<\/div>\n<\/div>\n<\/div>\n<\/div>\n<div class=\"vc_row wpb_row vc_row-fluid\">\n<div class=\"wpb_column vc_column_container vc_col-sm-12\">\n<div class=\"vc_column-inner\">\n<div class=\"wpb_wrapper\">\n<div class=\"wpb_text_column wpb_content_element \"><\/div>\n<\/div>\n<\/div>\n<\/div>\n<\/div>\n<p>&nbsp;<\/p>\n<\/div>\n<\/div>\n<\/div>\n<\/div>\n<\/div>\n<\/div>\n<div class=\"vc_row wpb_row vc_row-fluid\">\n<div class=\"wpb_column vc_column_container vc_col-sm-12\">\n<div class=\"vc_column-inner\">\n<div class=\"wpb_wrapper\">\n<div class=\"wpb_text_column wpb_content_element \"><\/div>\n<\/div>\n<\/div>\n<\/div>\n<\/div>\n<\/div>\n<\/div>\n<\/div>\n<\/div>\n<\/div>\n<p>&nbsp;<\/p>\n","protected":false},"excerpt":{"rendered":"<p>ESPEJO VITARA PLUS CON LUZ LED FRONTAL El espejo Vitara se caracteriza por su luz Led frontal en todo su<\/p>\n","protected":false},"featured_media":10106,"template":"","meta":[],"product_cat":[103,111,104],"product_tag":[],"class_list":{"0":"post-10121","1":"product","2":"type-product","3":"status-publish","4":"has-post-thumbnail","6":"product_cat-accesorios-de-bano","7":"product_cat-accesorios-espejos","8":"product_cat-accesorios-toalleros","10":"first","11":"instock","12":"shipping-taxable","13":"product-type-simple"},"yoast_head":"<!-- This site is optimized with the Yoast SEO plugin v22.9 - https:\/\/yoast.com\/wordpress\/plugins\/seo\/ -->\n<title>Manillons Torrent Espejo Vitara Plus | Mamparas Norte<\/title>\n<meta name=\"robots\" content=\"index, follow, max-snippet:-1, max-image-preview:large, max-video-preview:-1\" \/>\n<link rel=\"canonical\" href=\"http:\/\/www.mamparasnorte.com\/index.php\/producto\/manillons-torrent-espejo-vitara-plus\/\" \/>\n<meta property=\"og:locale\" content=\"es_ES\" \/>\n<meta property=\"og:type\" content=\"article\" \/>\n<meta property=\"og:title\" content=\"Manillons Torrent Espejo Vitara Plus | Mamparas Norte\" \/>\n<meta property=\"og:description\" content=\"ESPEJO VITARA PLUS CON LUZ LED FRONTAL El espejo Vitara se caracteriza por su luz Led frontal en todo su\" \/>\n<meta property=\"og:url\" content=\"http:\/\/www.mamparasnorte.com\/index.php\/producto\/manillons-torrent-espejo-vitara-plus\/\" \/>\n<meta property=\"og:site_name\" content=\"Mamparas Norte\" \/>\n<meta property=\"article:modified_time\" content=\"2024-03-03T11:56:19+00:00\" \/>\n<meta property=\"og:image\" content=\"http:\/\/www.mamparasnorte.com\/wp-content\/uploads\/2024\/03\/2-1.jpg\" \/>\n\t<meta property=\"og:image:width\" content=\"1024\" \/>\n\t<meta property=\"og:image:height\" content=\"751\" \/>\n\t<meta property=\"og:image:type\" content=\"image\/jpeg\" \/>\n<meta name=\"twitter:card\" content=\"summary_large_image\" \/>\n<script type=\"application\/ld+json\" class=\"yoast-schema-graph\">{\"@context\":\"https:\/\/schema.org\",\"@graph\":[{\"@type\":\"WebPage\",\"@id\":\"http:\/\/www.mamparasnorte.com\/index.php\/producto\/manillons-torrent-espejo-vitara-plus\/\",\"url\":\"http:\/\/www.mamparasnorte.com\/index.php\/producto\/manillons-torrent-espejo-vitara-plus\/\",\"name\":\"Manillons Torrent Espejo Vitara Plus | Mamparas Norte\",\"isPartOf\":{\"@id\":\"https:\/\/www.mamparasnorte.com\/#website\"},\"primaryImageOfPage\":{\"@id\":\"http:\/\/www.mamparasnorte.com\/index.php\/producto\/manillons-torrent-espejo-vitara-plus\/#primaryimage\"},\"image\":{\"@id\":\"http:\/\/www.mamparasnorte.com\/index.php\/producto\/manillons-torrent-espejo-vitara-plus\/#primaryimage\"},\"thumbnailUrl\":\"http:\/\/www.mamparasnorte.com\/wp-content\/uploads\/2024\/03\/2-1.jpg\",\"datePublished\":\"2024-03-03T11:54:52+00:00\",\"dateModified\":\"2024-03-03T11:56:19+00:00\",\"breadcrumb\":{\"@id\":\"http:\/\/www.mamparasnorte.com\/index.php\/producto\/manillons-torrent-espejo-vitara-plus\/#breadcrumb\"},\"inLanguage\":\"es\",\"potentialAction\":[{\"@type\":\"ReadAction\",\"target\":[\"http:\/\/www.mamparasnorte.com\/index.php\/producto\/manillons-torrent-espejo-vitara-plus\/\"]}]},{\"@type\":\"ImageObject\",\"inLanguage\":\"es\",\"@id\":\"http:\/\/www.mamparasnorte.com\/index.php\/producto\/manillons-torrent-espejo-vitara-plus\/#primaryimage\",\"url\":\"http:\/\/www.mamparasnorte.com\/wp-content\/uploads\/2024\/03\/2-1.jpg\",\"contentUrl\":\"http:\/\/www.mamparasnorte.com\/wp-content\/uploads\/2024\/03\/2-1.jpg\",\"width\":1024,\"height\":751},{\"@type\":\"BreadcrumbList\",\"@id\":\"http:\/\/www.mamparasnorte.com\/index.php\/producto\/manillons-torrent-espejo-vitara-plus\/#breadcrumb\",\"itemListElement\":[{\"@type\":\"ListItem\",\"position\":1,\"name\":\"Portada\",\"item\":\"https:\/\/www.mamparasnorte.com\/\"},{\"@type\":\"ListItem\",\"position\":2,\"name\":\"Tienda\",\"item\":\"http:\/\/www.mamparasnorte.com\/index.php\/tienda\/\"},{\"@type\":\"ListItem\",\"position\":3,\"name\":\"Manillons Torrent Espejo Vitara Plus\"}]},{\"@type\":\"WebSite\",\"@id\":\"https:\/\/www.mamparasnorte.com\/#website\",\"url\":\"https:\/\/www.mamparasnorte.com\/\",\"name\":\"Mamparas Norte\",\"description\":\"Las mejores mamparas del Norte de Madrid\",\"alternateName\":\"mamparasnorte\",\"potentialAction\":[{\"@type\":\"SearchAction\",\"target\":{\"@type\":\"EntryPoint\",\"urlTemplate\":\"https:\/\/www.mamparasnorte.com\/?s={search_term_string}\"},\"query-input\":\"required name=search_term_string\"}],\"inLanguage\":\"es\"}]}<\/script>\n<!-- \/ Yoast SEO plugin. -->","yoast_head_json":{"title":"Manillons Torrent Espejo Vitara Plus | Mamparas Norte","robots":{"index":"index","follow":"follow","max-snippet":"max-snippet:-1","max-image-preview":"max-image-preview:large","max-video-preview":"max-video-preview:-1"},"canonical":"http:\/\/www.mamparasnorte.com\/index.php\/producto\/manillons-torrent-espejo-vitara-plus\/","og_locale":"es_ES","og_type":"article","og_title":"Manillons Torrent Espejo Vitara Plus | Mamparas Norte","og_description":"ESPEJO VITARA PLUS CON LUZ LED FRONTAL El espejo Vitara se caracteriza por su luz Led frontal en todo su","og_url":"http:\/\/www.mamparasnorte.com\/index.php\/producto\/manillons-torrent-espejo-vitara-plus\/","og_site_name":"Mamparas Norte","article_modified_time":"2024-03-03T11:56:19+00:00","og_image":[{"width":1024,"height":751,"url":"http:\/\/www.mamparasnorte.com\/wp-content\/uploads\/2024\/03\/2-1.jpg","type":"image\/jpeg"}],"twitter_card":"summary_large_image","schema":{"@context":"https:\/\/schema.org","@graph":[{"@type":"WebPage","@id":"http:\/\/www.mamparasnorte.com\/index.php\/producto\/manillons-torrent-espejo-vitara-plus\/","url":"http:\/\/www.mamparasnorte.com\/index.php\/producto\/manillons-torrent-espejo-vitara-plus\/","name":"Manillons Torrent Espejo Vitara Plus | Mamparas Norte","isPartOf":{"@id":"https:\/\/www.mamparasnorte.com\/#website"},"primaryImageOfPage":{"@id":"http:\/\/www.mamparasnorte.com\/index.php\/producto\/manillons-torrent-espejo-vitara-plus\/#primaryimage"},"image":{"@id":"http:\/\/www.mamparasnorte.com\/index.php\/producto\/manillons-torrent-espejo-vitara-plus\/#primaryimage"},"thumbnailUrl":"http:\/\/www.mamparasnorte.com\/wp-content\/uploads\/2024\/03\/2-1.jpg","datePublished":"2024-03-03T11:54:52+00:00","dateModified":"2024-03-03T11:56:19+00:00","breadcrumb":{"@id":"http:\/\/www.mamparasnorte.com\/index.php\/producto\/manillons-torrent-espejo-vitara-plus\/#breadcrumb"},"inLanguage":"es","potentialAction":[{"@type":"ReadAction","target":["http:\/\/www.mamparasnorte.com\/index.php\/producto\/manillons-torrent-espejo-vitara-plus\/"]}]},{"@type":"ImageObject","inLanguage":"es","@id":"http:\/\/www.mamparasnorte.com\/index.php\/producto\/manillons-torrent-espejo-vitara-plus\/#primaryimage","url":"http:\/\/www.mamparasnorte.com\/wp-content\/uploads\/2024\/03\/2-1.jpg","contentUrl":"http:\/\/www.mamparasnorte.com\/wp-content\/uploads\/2024\/03\/2-1.jpg","width":1024,"height":751},{"@type":"BreadcrumbList","@id":"http:\/\/www.mamparasnorte.com\/index.php\/producto\/manillons-torrent-espejo-vitara-plus\/#breadcrumb","itemListElement":[{"@type":"ListItem","position":1,"name":"Portada","item":"https:\/\/www.mamparasnorte.com\/"},{"@type":"ListItem","position":2,"name":"Tienda","item":"http:\/\/www.mamparasnorte.com\/index.php\/tienda\/"},{"@type":"ListItem","position":3,"name":"Manillons Torrent Espejo Vitara Plus"}]},{"@type":"WebSite","@id":"https:\/\/www.mamparasnorte.com\/#website","url":"https:\/\/www.mamparasnorte.com\/","name":"Mamparas Norte","description":"Las mejores mamparas del Norte de Madrid","alternateName":"mamparasnorte","potentialAction":[{"@type":"SearchAction","target":{"@type":"EntryPoint","urlTemplate":"https:\/\/www.mamparasnorte.com\/?s={search_term_string}"},"query-input":"required name=search_term_string"}],"inLanguage":"es"}]}},"_links":{"self":[{"href":"http:\/\/www.mamparasnorte.com\/index.php\/wp-json\/wp\/v2\/product\/10121","targetHints":{"allow":["GET"]}}],"collection":[{"href":"http:\/\/www.mamparasnorte.com\/index.php\/wp-json\/wp\/v2\/product"}],"about":[{"href":"http:\/\/www.mamparasnorte.com\/index.php\/wp-json\/wp\/v2\/types\/product"}],"version-history":[{"count":1,"href":"http:\/\/www.mamparasnorte.com\/index.php\/wp-json\/wp\/v2\/product\/10121\/revisions"}],"predecessor-version":[{"id":10122,"href":"http:\/\/www.mamparasnorte.com\/index.php\/wp-json\/wp\/v2\/product\/10121\/revisions\/10122"}],"wp:featuredmedia":[{"embeddable":true,"href":"http:\/\/www.mamparasnorte.com\/index.php\/wp-json\/wp\/v2\/media\/10106"}],"wp:attachment":[{"href":"http:\/\/www.mamparasnorte.com\/index.php\/wp-json\/wp\/v2\/media?parent=10121"}],"wp:term":[{"taxonomy":"product_cat","embeddable":true,"href":"http:\/\/www.mamparasnorte.com\/index.php\/wp-json\/wp\/v2\/product_cat?post=10121"},{"taxonomy":"product_tag","embeddable":true,"href":"http:\/\/www.mamparasnorte.com\/index.php\/wp-json\/wp\/v2\/product_tag?post=10121"}],"curies":[{"name":"wp","href":"https:\/\/api.w.org\/{rel}","templated":true}]}}