{"id":8729,"date":"2023-03-27T06:54:06","date_gmt":"2023-03-27T06:54:06","guid":{"rendered":"https:\/\/www.mamparasnorte.com\/?post_type=product&#038;p=8729"},"modified":"2023-05-15T16:07:11","modified_gmt":"2023-05-15T15:07:11","slug":"profiltek-corredera-wind","status":"publish","type":"product","link":"http:\/\/www.mamparasnorte.com\/index.php\/producto\/profiltek-corredera-wind\/","title":{"rendered":"Profiltek Corredera Wind"},"content":{"rendered":"","protected":false},"excerpt":{"rendered":"<ul>\n<li>Mampara para ba\u00f1era y ducha con hojas correderas.<\/li>\n<li>Vidrio de seguridad de 6 mm.<\/li>\n<li>Perfiles verticales reducidos con compensaci\u00f3n de 10 mm.<\/li>\n<li>Hojas correderas sin gu\u00eda inferior.<\/li>\n<li>Sistema anti-vuelco de hojas.<\/li>\n<li>Rodamientos compensables en altura 4 mm.<\/li>\n<li>Equipada con cierre contacto o magn\u00e9tico, seg\u00fan modelo.<\/li>\n<li>Cierre progresivo incluido en modelos: HI-210, HI-216, HI-230 y HI-250. Es posible sustituir cierre con tope.<\/li>\n<li>Perfil base en acabado Cromo Brillo o Negro.<\/li>\n<li>Maneta Paris de serie en acabado Cromo Brillo o Negro.<\/li>\n<li>Teknoclean opcional.<\/li>\n<\/ul>\n","protected":false},"featured_media":8749,"template":"","meta":[],"product_cat":[73],"product_tag":[],"class_list":{"0":"post-8729","1":"product","2":"type-product","3":"status-publish","4":"has-post-thumbnail","6":"product_cat-mamparas-correderas","8":"first","9":"instock","10":"shipping-taxable","11":"product-type-simple"},"yoast_head":"<!-- This site is optimized with the Yoast SEO plugin v22.9 - https:\/\/yoast.com\/wordpress\/plugins\/seo\/ -->\n<title>Profiltek Corredera Wind | Mamparas Norte<\/title>\n<meta name=\"robots\" content=\"index, follow, max-snippet:-1, max-image-preview:large, max-video-preview:-1\" \/>\n<link rel=\"canonical\" href=\"https:\/\/www.mamparasnorte.com\/index.php\/producto\/profiltek-corredera-wind\/\" \/>\n<meta property=\"og:locale\" content=\"es_ES\" \/>\n<meta property=\"og:type\" content=\"article\" \/>\n<meta property=\"og:title\" content=\"Profiltek Corredera Wind | Mamparas Norte\" \/>\n<meta property=\"og:description\" content=\"Mampara para ba\u00f1era y ducha con hojas correderas.  Vidrio de seguridad de 6 mm.  Perfiles verticales reducidos con compensaci\u00f3n de 10 mm.  Hojas correderas sin gu\u00eda inferior.  Sistema anti-vuelco de hojas.  Rodamientos compensables en altura 4 mm.  Equipada con cierre contacto o magn\u00e9tico, seg\u00fan modelo.  Cierre progresivo incluido en modelos: HI-210, HI-216, HI-230 y HI-250. Es posible sustituir cierre con tope.  Perfil base en acabado Cromo Brillo o Negro.  Maneta Paris de serie en acabado Cromo Brillo o Negro.  Teknoclean opcional.\" \/>\n<meta property=\"og:url\" content=\"https:\/\/www.mamparasnorte.com\/index.php\/producto\/profiltek-corredera-wind\/\" \/>\n<meta property=\"og:site_name\" content=\"Mamparas Norte\" \/>\n<meta property=\"article:modified_time\" content=\"2023-05-15T15:07:11+00:00\" \/>\n<meta property=\"og:image\" content=\"https:\/\/www.mamparasnorte.com\/wp-content\/uploads\/2023\/03\/wind-profiltek-mampara-corredera-ducha-curva-medida-wi260_0_0-1.jpg\" \/>\n\t<meta property=\"og:image:width\" content=\"690\" \/>\n\t<meta property=\"og:image:height\" content=\"500\" \/>\n\t<meta property=\"og:image:type\" content=\"image\/jpeg\" \/>\n<meta name=\"twitter:card\" content=\"summary_large_image\" \/>\n<script type=\"application\/ld+json\" class=\"yoast-schema-graph\">{\"@context\":\"https:\/\/schema.org\",\"@graph\":[{\"@type\":\"WebPage\",\"@id\":\"https:\/\/www.mamparasnorte.com\/index.php\/producto\/profiltek-corredera-wind\/\",\"url\":\"https:\/\/www.mamparasnorte.com\/index.php\/producto\/profiltek-corredera-wind\/\",\"name\":\"Profiltek Corredera Wind | Mamparas Norte\",\"isPartOf\":{\"@id\":\"https:\/\/www.mamparasnorte.com\/#website\"},\"primaryImageOfPage\":{\"@id\":\"https:\/\/www.mamparasnorte.com\/index.php\/producto\/profiltek-corredera-wind\/#primaryimage\"},\"image\":{\"@id\":\"https:\/\/www.mamparasnorte.com\/index.php\/producto\/profiltek-corredera-wind\/#primaryimage\"},\"thumbnailUrl\":\"http:\/\/www.mamparasnorte.com\/wp-content\/uploads\/2023\/03\/wind-profiltek-mampara-corredera-ducha-curva-medida-wi260_0_0-1.jpg\",\"datePublished\":\"2023-03-27T06:54:06+00:00\",\"dateModified\":\"2023-05-15T15:07:11+00:00\",\"breadcrumb\":{\"@id\":\"https:\/\/www.mamparasnorte.com\/index.php\/producto\/profiltek-corredera-wind\/#breadcrumb\"},\"inLanguage\":\"es\",\"potentialAction\":[{\"@type\":\"ReadAction\",\"target\":[\"https:\/\/www.mamparasnorte.com\/index.php\/producto\/profiltek-corredera-wind\/\"]}]},{\"@type\":\"ImageObject\",\"inLanguage\":\"es\",\"@id\":\"https:\/\/www.mamparasnorte.com\/index.php\/producto\/profiltek-corredera-wind\/#primaryimage\",\"url\":\"http:\/\/www.mamparasnorte.com\/wp-content\/uploads\/2023\/03\/wind-profiltek-mampara-corredera-ducha-curva-medida-wi260_0_0-1.jpg\",\"contentUrl\":\"http:\/\/www.mamparasnorte.com\/wp-content\/uploads\/2023\/03\/wind-profiltek-mampara-corredera-ducha-curva-medida-wi260_0_0-1.jpg\",\"width\":690,\"height\":500},{\"@type\":\"BreadcrumbList\",\"@id\":\"https:\/\/www.mamparasnorte.com\/index.php\/producto\/profiltek-corredera-wind\/#breadcrumb\",\"itemListElement\":[{\"@type\":\"ListItem\",\"position\":1,\"name\":\"Portada\",\"item\":\"https:\/\/www.mamparasnorte.com\/\"},{\"@type\":\"ListItem\",\"position\":2,\"name\":\"Tienda\",\"item\":\"http:\/\/www.mamparasnorte.com\/index.php\/tienda\/\"},{\"@type\":\"ListItem\",\"position\":3,\"name\":\"Profiltek Corredera Wind\"}]},{\"@type\":\"WebSite\",\"@id\":\"https:\/\/www.mamparasnorte.com\/#website\",\"url\":\"https:\/\/www.mamparasnorte.com\/\",\"name\":\"Mamparas Norte\",\"description\":\"Las mejores mamparas del Norte de Madrid\",\"alternateName\":\"mamparasnorte\",\"potentialAction\":[{\"@type\":\"SearchAction\",\"target\":{\"@type\":\"EntryPoint\",\"urlTemplate\":\"https:\/\/www.mamparasnorte.com\/?s={search_term_string}\"},\"query-input\":\"required name=search_term_string\"}],\"inLanguage\":\"es\"}]}<\/script>\n<!-- \/ Yoast SEO plugin. -->","yoast_head_json":{"title":"Profiltek Corredera Wind | Mamparas Norte","robots":{"index":"index","follow":"follow","max-snippet":"max-snippet:-1","max-image-preview":"max-image-preview:large","max-video-preview":"max-video-preview:-1"},"canonical":"https:\/\/www.mamparasnorte.com\/index.php\/producto\/profiltek-corredera-wind\/","og_locale":"es_ES","og_type":"article","og_title":"Profiltek Corredera Wind | Mamparas Norte","og_description":"Mampara para ba\u00f1era y ducha con hojas correderas.  Vidrio de seguridad de 6 mm.  Perfiles verticales reducidos con compensaci\u00f3n de 10 mm.  Hojas correderas sin gu\u00eda inferior.  Sistema anti-vuelco de hojas.  Rodamientos compensables en altura 4 mm.  Equipada con cierre contacto o magn\u00e9tico, seg\u00fan modelo.  Cierre progresivo incluido en modelos: HI-210, HI-216, HI-230 y HI-250. Es posible sustituir cierre con tope.  Perfil base en acabado Cromo Brillo o Negro.  Maneta Paris de serie en acabado Cromo Brillo o Negro.  Teknoclean opcional.","og_url":"https:\/\/www.mamparasnorte.com\/index.php\/producto\/profiltek-corredera-wind\/","og_site_name":"Mamparas Norte","article_modified_time":"2023-05-15T15:07:11+00:00","og_image":[{"width":690,"height":500,"url":"https:\/\/www.mamparasnorte.com\/wp-content\/uploads\/2023\/03\/wind-profiltek-mampara-corredera-ducha-curva-medida-wi260_0_0-1.jpg","type":"image\/jpeg"}],"twitter_card":"summary_large_image","schema":{"@context":"https:\/\/schema.org","@graph":[{"@type":"WebPage","@id":"https:\/\/www.mamparasnorte.com\/index.php\/producto\/profiltek-corredera-wind\/","url":"https:\/\/www.mamparasnorte.com\/index.php\/producto\/profiltek-corredera-wind\/","name":"Profiltek Corredera Wind | Mamparas Norte","isPartOf":{"@id":"https:\/\/www.mamparasnorte.com\/#website"},"primaryImageOfPage":{"@id":"https:\/\/www.mamparasnorte.com\/index.php\/producto\/profiltek-corredera-wind\/#primaryimage"},"image":{"@id":"https:\/\/www.mamparasnorte.com\/index.php\/producto\/profiltek-corredera-wind\/#primaryimage"},"thumbnailUrl":"http:\/\/www.mamparasnorte.com\/wp-content\/uploads\/2023\/03\/wind-profiltek-mampara-corredera-ducha-curva-medida-wi260_0_0-1.jpg","datePublished":"2023-03-27T06:54:06+00:00","dateModified":"2023-05-15T15:07:11+00:00","breadcrumb":{"@id":"https:\/\/www.mamparasnorte.com\/index.php\/producto\/profiltek-corredera-wind\/#breadcrumb"},"inLanguage":"es","potentialAction":[{"@type":"ReadAction","target":["https:\/\/www.mamparasnorte.com\/index.php\/producto\/profiltek-corredera-wind\/"]}]},{"@type":"ImageObject","inLanguage":"es","@id":"https:\/\/www.mamparasnorte.com\/index.php\/producto\/profiltek-corredera-wind\/#primaryimage","url":"http:\/\/www.mamparasnorte.com\/wp-content\/uploads\/2023\/03\/wind-profiltek-mampara-corredera-ducha-curva-medida-wi260_0_0-1.jpg","contentUrl":"http:\/\/www.mamparasnorte.com\/wp-content\/uploads\/2023\/03\/wind-profiltek-mampara-corredera-ducha-curva-medida-wi260_0_0-1.jpg","width":690,"height":500},{"@type":"BreadcrumbList","@id":"https:\/\/www.mamparasnorte.com\/index.php\/producto\/profiltek-corredera-wind\/#breadcrumb","itemListElement":[{"@type":"ListItem","position":1,"name":"Portada","item":"https:\/\/www.mamparasnorte.com\/"},{"@type":"ListItem","position":2,"name":"Tienda","item":"http:\/\/www.mamparasnorte.com\/index.php\/tienda\/"},{"@type":"ListItem","position":3,"name":"Profiltek Corredera Wind"}]},{"@type":"WebSite","@id":"https:\/\/www.mamparasnorte.com\/#website","url":"https:\/\/www.mamparasnorte.com\/","name":"Mamparas Norte","description":"Las mejores mamparas del Norte de Madrid","alternateName":"mamparasnorte","potentialAction":[{"@type":"SearchAction","target":{"@type":"EntryPoint","urlTemplate":"https:\/\/www.mamparasnorte.com\/?s={search_term_string}"},"query-input":"required name=search_term_string"}],"inLanguage":"es"}]}},"_links":{"self":[{"href":"http:\/\/www.mamparasnorte.com\/index.php\/wp-json\/wp\/v2\/product\/8729","targetHints":{"allow":["GET"]}}],"collection":[{"href":"http:\/\/www.mamparasnorte.com\/index.php\/wp-json\/wp\/v2\/product"}],"about":[{"href":"http:\/\/www.mamparasnorte.com\/index.php\/wp-json\/wp\/v2\/types\/product"}],"version-history":[{"count":3,"href":"http:\/\/www.mamparasnorte.com\/index.php\/wp-json\/wp\/v2\/product\/8729\/revisions"}],"predecessor-version":[{"id":9213,"href":"http:\/\/www.mamparasnorte.com\/index.php\/wp-json\/wp\/v2\/product\/8729\/revisions\/9213"}],"wp:featuredmedia":[{"embeddable":true,"href":"http:\/\/www.mamparasnorte.com\/index.php\/wp-json\/wp\/v2\/media\/8749"}],"wp:attachment":[{"href":"http:\/\/www.mamparasnorte.com\/index.php\/wp-json\/wp\/v2\/media?parent=8729"}],"wp:term":[{"taxonomy":"product_cat","embeddable":true,"href":"http:\/\/www.mamparasnorte.com\/index.php\/wp-json\/wp\/v2\/product_cat?post=8729"},{"taxonomy":"product_tag","embeddable":true,"href":"http:\/\/www.mamparasnorte.com\/index.php\/wp-json\/wp\/v2\/product_tag?post=8729"}],"curies":[{"name":"wp","href":"https:\/\/api.w.org\/{rel}","templated":true}]}}