{"id":8811,"date":"2023-03-27T06:54:17","date_gmt":"2023-03-27T06:54:17","guid":{"rendered":"https:\/\/www.mamparasnorte.com\/?post_type=product&#038;p=8811"},"modified":"2023-05-15T16:03:08","modified_gmt":"2023-05-15T15:03:08","slug":"profiltek-corredera-nell","status":"publish","type":"product","link":"http:\/\/www.mamparasnorte.com\/index.php\/producto\/profiltek-corredera-nell\/","title":{"rendered":"Profiltek Corredera Nell"},"content":{"rendered":"","protected":false},"excerpt":{"rendered":"<ul>\n<li>Mampara para ba\u00f1era y ducha con 2 hojas correderas y 1 hoja fija.<\/li>\n<li>Vidrio de seguridad de 6 mm para hojas frontales y de 8 mm para los fijos laterales.<\/li>\n<li>Compensaci\u00f3n de perfiles de 15 mm por cada lateral.<\/li>\n<li>Doble tren de rodamientos.<\/li>\n<li>Cierre con gomas de estanqueidad.<\/li>\n<li>Sin gu\u00eda inferior.<\/li>\n<li>Sistema anti-vuelco de hojas.<\/li>\n<li>Maneta Nantes de serie en acabado Cromo Brillo.<\/li>\n<li>Sistema de montaje r\u00e1pido.<\/li>\n<li>Teknoclean opcional.<\/li>\n<\/ul>\n","protected":false},"featured_media":8841,"template":"","meta":[],"product_cat":[73],"product_tag":[],"class_list":{"0":"post-8811","1":"product","2":"type-product","3":"status-publish","4":"has-post-thumbnail","6":"product_cat-mamparas-correderas","8":"first","9":"instock","10":"shipping-taxable","11":"product-type-simple"},"yoast_head":"<!-- This site is optimized with the Yoast SEO plugin v22.9 - https:\/\/yoast.com\/wordpress\/plugins\/seo\/ -->\n<title>Profiltek Corredera Nell | Mamparas Norte<\/title>\n<meta name=\"robots\" content=\"index, follow, max-snippet:-1, max-image-preview:large, max-video-preview:-1\" \/>\n<link rel=\"canonical\" href=\"http:\/\/www.mamparasnorte.com\/index.php\/producto\/profiltek-corredera-nell\/\" \/>\n<meta property=\"og:locale\" content=\"es_ES\" \/>\n<meta property=\"og:type\" content=\"article\" \/>\n<meta property=\"og:title\" content=\"Profiltek Corredera Nell | Mamparas Norte\" \/>\n<meta property=\"og:description\" content=\"Mampara para ba\u00f1era y ducha con 2 hojas correderas y 1 hoja fija.  Vidrio de seguridad de 6 mm para hojas frontales y de 8 mm para los fijos laterales.  Compensaci\u00f3n de perfiles de 15 mm por cada lateral.  Doble tren de rodamientos.  Cierre con gomas de estanqueidad.  Sin gu\u00eda inferior.  Sistema anti-vuelco de hojas.  Maneta Nantes de serie en acabado Cromo Brillo.  Sistema de montaje r\u00e1pido.  Teknoclean opcional.\" \/>\n<meta property=\"og:url\" content=\"http:\/\/www.mamparasnorte.com\/index.php\/producto\/profiltek-corredera-nell\/\" \/>\n<meta property=\"og:site_name\" content=\"Mamparas Norte\" \/>\n<meta property=\"article:modified_time\" content=\"2023-05-15T15:03:08+00:00\" \/>\n<meta property=\"og:image\" content=\"http:\/\/www.mamparasnorte.com\/wp-content\/uploads\/2023\/03\/nell-profiltek-mampara-corredera-ducha-medida-ne210-1.jpg\" \/>\n\t<meta property=\"og:image:width\" content=\"690\" \/>\n\t<meta property=\"og:image:height\" content=\"500\" \/>\n\t<meta property=\"og:image:type\" content=\"image\/jpeg\" \/>\n<meta name=\"twitter:card\" content=\"summary_large_image\" \/>\n<script type=\"application\/ld+json\" class=\"yoast-schema-graph\">{\"@context\":\"https:\/\/schema.org\",\"@graph\":[{\"@type\":\"WebPage\",\"@id\":\"http:\/\/www.mamparasnorte.com\/index.php\/producto\/profiltek-corredera-nell\/\",\"url\":\"http:\/\/www.mamparasnorte.com\/index.php\/producto\/profiltek-corredera-nell\/\",\"name\":\"Profiltek Corredera Nell | Mamparas Norte\",\"isPartOf\":{\"@id\":\"https:\/\/www.mamparasnorte.com\/#website\"},\"primaryImageOfPage\":{\"@id\":\"http:\/\/www.mamparasnorte.com\/index.php\/producto\/profiltek-corredera-nell\/#primaryimage\"},\"image\":{\"@id\":\"http:\/\/www.mamparasnorte.com\/index.php\/producto\/profiltek-corredera-nell\/#primaryimage\"},\"thumbnailUrl\":\"http:\/\/www.mamparasnorte.com\/wp-content\/uploads\/2023\/03\/nell-profiltek-mampara-corredera-ducha-medida-ne210-1.jpg\",\"datePublished\":\"2023-03-27T06:54:17+00:00\",\"dateModified\":\"2023-05-15T15:03:08+00:00\",\"breadcrumb\":{\"@id\":\"http:\/\/www.mamparasnorte.com\/index.php\/producto\/profiltek-corredera-nell\/#breadcrumb\"},\"inLanguage\":\"es\",\"potentialAction\":[{\"@type\":\"ReadAction\",\"target\":[\"http:\/\/www.mamparasnorte.com\/index.php\/producto\/profiltek-corredera-nell\/\"]}]},{\"@type\":\"ImageObject\",\"inLanguage\":\"es\",\"@id\":\"http:\/\/www.mamparasnorte.com\/index.php\/producto\/profiltek-corredera-nell\/#primaryimage\",\"url\":\"http:\/\/www.mamparasnorte.com\/wp-content\/uploads\/2023\/03\/nell-profiltek-mampara-corredera-ducha-medida-ne210-1.jpg\",\"contentUrl\":\"http:\/\/www.mamparasnorte.com\/wp-content\/uploads\/2023\/03\/nell-profiltek-mampara-corredera-ducha-medida-ne210-1.jpg\",\"width\":690,\"height\":500},{\"@type\":\"BreadcrumbList\",\"@id\":\"http:\/\/www.mamparasnorte.com\/index.php\/producto\/profiltek-corredera-nell\/#breadcrumb\",\"itemListElement\":[{\"@type\":\"ListItem\",\"position\":1,\"name\":\"Portada\",\"item\":\"https:\/\/www.mamparasnorte.com\/\"},{\"@type\":\"ListItem\",\"position\":2,\"name\":\"Tienda\",\"item\":\"http:\/\/www.mamparasnorte.com\/index.php\/tienda\/\"},{\"@type\":\"ListItem\",\"position\":3,\"name\":\"Profiltek Corredera Nell\"}]},{\"@type\":\"WebSite\",\"@id\":\"https:\/\/www.mamparasnorte.com\/#website\",\"url\":\"https:\/\/www.mamparasnorte.com\/\",\"name\":\"Mamparas Norte\",\"description\":\"Las mejores mamparas del Norte de Madrid\",\"alternateName\":\"mamparasnorte\",\"potentialAction\":[{\"@type\":\"SearchAction\",\"target\":{\"@type\":\"EntryPoint\",\"urlTemplate\":\"https:\/\/www.mamparasnorte.com\/?s={search_term_string}\"},\"query-input\":\"required name=search_term_string\"}],\"inLanguage\":\"es\"}]}<\/script>\n<!-- \/ Yoast SEO plugin. -->","yoast_head_json":{"title":"Profiltek Corredera Nell | Mamparas Norte","robots":{"index":"index","follow":"follow","max-snippet":"max-snippet:-1","max-image-preview":"max-image-preview:large","max-video-preview":"max-video-preview:-1"},"canonical":"http:\/\/www.mamparasnorte.com\/index.php\/producto\/profiltek-corredera-nell\/","og_locale":"es_ES","og_type":"article","og_title":"Profiltek Corredera Nell | Mamparas Norte","og_description":"Mampara para ba\u00f1era y ducha con 2 hojas correderas y 1 hoja fija.  Vidrio de seguridad de 6 mm para hojas frontales y de 8 mm para los fijos laterales.  Compensaci\u00f3n de perfiles de 15 mm por cada lateral.  Doble tren de rodamientos.  Cierre con gomas de estanqueidad.  Sin gu\u00eda inferior.  Sistema anti-vuelco de hojas.  Maneta Nantes de serie en acabado Cromo Brillo.  Sistema de montaje r\u00e1pido.  Teknoclean opcional.","og_url":"http:\/\/www.mamparasnorte.com\/index.php\/producto\/profiltek-corredera-nell\/","og_site_name":"Mamparas Norte","article_modified_time":"2023-05-15T15:03:08+00:00","og_image":[{"width":690,"height":500,"url":"http:\/\/www.mamparasnorte.com\/wp-content\/uploads\/2023\/03\/nell-profiltek-mampara-corredera-ducha-medida-ne210-1.jpg","type":"image\/jpeg"}],"twitter_card":"summary_large_image","schema":{"@context":"https:\/\/schema.org","@graph":[{"@type":"WebPage","@id":"http:\/\/www.mamparasnorte.com\/index.php\/producto\/profiltek-corredera-nell\/","url":"http:\/\/www.mamparasnorte.com\/index.php\/producto\/profiltek-corredera-nell\/","name":"Profiltek Corredera Nell | Mamparas Norte","isPartOf":{"@id":"https:\/\/www.mamparasnorte.com\/#website"},"primaryImageOfPage":{"@id":"http:\/\/www.mamparasnorte.com\/index.php\/producto\/profiltek-corredera-nell\/#primaryimage"},"image":{"@id":"http:\/\/www.mamparasnorte.com\/index.php\/producto\/profiltek-corredera-nell\/#primaryimage"},"thumbnailUrl":"http:\/\/www.mamparasnorte.com\/wp-content\/uploads\/2023\/03\/nell-profiltek-mampara-corredera-ducha-medida-ne210-1.jpg","datePublished":"2023-03-27T06:54:17+00:00","dateModified":"2023-05-15T15:03:08+00:00","breadcrumb":{"@id":"http:\/\/www.mamparasnorte.com\/index.php\/producto\/profiltek-corredera-nell\/#breadcrumb"},"inLanguage":"es","potentialAction":[{"@type":"ReadAction","target":["http:\/\/www.mamparasnorte.com\/index.php\/producto\/profiltek-corredera-nell\/"]}]},{"@type":"ImageObject","inLanguage":"es","@id":"http:\/\/www.mamparasnorte.com\/index.php\/producto\/profiltek-corredera-nell\/#primaryimage","url":"http:\/\/www.mamparasnorte.com\/wp-content\/uploads\/2023\/03\/nell-profiltek-mampara-corredera-ducha-medida-ne210-1.jpg","contentUrl":"http:\/\/www.mamparasnorte.com\/wp-content\/uploads\/2023\/03\/nell-profiltek-mampara-corredera-ducha-medida-ne210-1.jpg","width":690,"height":500},{"@type":"BreadcrumbList","@id":"http:\/\/www.mamparasnorte.com\/index.php\/producto\/profiltek-corredera-nell\/#breadcrumb","itemListElement":[{"@type":"ListItem","position":1,"name":"Portada","item":"https:\/\/www.mamparasnorte.com\/"},{"@type":"ListItem","position":2,"name":"Tienda","item":"http:\/\/www.mamparasnorte.com\/index.php\/tienda\/"},{"@type":"ListItem","position":3,"name":"Profiltek Corredera Nell"}]},{"@type":"WebSite","@id":"https:\/\/www.mamparasnorte.com\/#website","url":"https:\/\/www.mamparasnorte.com\/","name":"Mamparas Norte","description":"Las mejores mamparas del Norte de Madrid","alternateName":"mamparasnorte","potentialAction":[{"@type":"SearchAction","target":{"@type":"EntryPoint","urlTemplate":"https:\/\/www.mamparasnorte.com\/?s={search_term_string}"},"query-input":"required name=search_term_string"}],"inLanguage":"es"}]}},"_links":{"self":[{"href":"http:\/\/www.mamparasnorte.com\/index.php\/wp-json\/wp\/v2\/product\/8811","targetHints":{"allow":["GET"]}}],"collection":[{"href":"http:\/\/www.mamparasnorte.com\/index.php\/wp-json\/wp\/v2\/product"}],"about":[{"href":"http:\/\/www.mamparasnorte.com\/index.php\/wp-json\/wp\/v2\/types\/product"}],"version-history":[{"count":3,"href":"http:\/\/www.mamparasnorte.com\/index.php\/wp-json\/wp\/v2\/product\/8811\/revisions"}],"predecessor-version":[{"id":9218,"href":"http:\/\/www.mamparasnorte.com\/index.php\/wp-json\/wp\/v2\/product\/8811\/revisions\/9218"}],"wp:featuredmedia":[{"embeddable":true,"href":"http:\/\/www.mamparasnorte.com\/index.php\/wp-json\/wp\/v2\/media\/8841"}],"wp:attachment":[{"href":"http:\/\/www.mamparasnorte.com\/index.php\/wp-json\/wp\/v2\/media?parent=8811"}],"wp:term":[{"taxonomy":"product_cat","embeddable":true,"href":"http:\/\/www.mamparasnorte.com\/index.php\/wp-json\/wp\/v2\/product_cat?post=8811"},{"taxonomy":"product_tag","embeddable":true,"href":"http:\/\/www.mamparasnorte.com\/index.php\/wp-json\/wp\/v2\/product_tag?post=8811"}],"curies":[{"name":"wp","href":"https:\/\/api.w.org\/{rel}","templated":true}]}}