{"id":8883,"date":"2023-03-27T06:54:24","date_gmt":"2023-03-27T06:54:24","guid":{"rendered":"https:\/\/www.mamparasnorte.com\/?post_type=product&#038;p=8883"},"modified":"2023-05-15T16:04:41","modified_gmt":"2023-05-15T15:04:41","slug":"profiltek-abatible-chloe","status":"publish","type":"product","link":"http:\/\/www.mamparasnorte.com\/index.php\/producto\/profiltek-abatible-chloe\/","title":{"rendered":"Profiltek Abatible Chloe"},"content":{"rendered":"","protected":false},"excerpt":{"rendered":"<p>&nbsp;<\/p>\n<ul>\n<li>Mampara de ba\u00f1era y ducha de hojas abatibles con posibilidad de apertura interior y exterior.<\/li>\n<li>Vidrio de seguridad disponible en 6 u 8 mm.<\/li>\n<li>Fijos con perfil con compensaci\u00f3n hasta 15 mm en acabado Cromo Brillo.<\/li>\n<li>Equipada con cierre magn\u00e9tico o goma de estanqueidad. Perfil de cierre magn\u00e9tico con im\u00e1n oculto.<\/li>\n<li>Mampara reversible (ver avisos).<\/li>\n<li>Bisagras y barras estabilizadoras multiposici\u00f3n en acabado Cromo Brillo.<\/li>\n<li>Perfil base acabado Cromo Brillo.<\/li>\n<li>Pomo Oslo de serie en acabado Cromo Brillo.<\/li>\n<li>Consulta accesorios opcionales de la serie.<\/li>\n<li>Esta serie dispone de plantillas de marcaje para facilitar la instalaci\u00f3n (solo en alturas est\u00e1ndares).<\/li>\n<li>Teknoclean opcional.<\/li>\n<\/ul>\n","protected":false},"featured_media":8903,"template":"","meta":[],"product_cat":[74],"product_tag":[],"class_list":{"0":"post-8883","1":"product","2":"type-product","3":"status-publish","4":"has-post-thumbnail","6":"product_cat-mamparas-abatibles-plegables","8":"first","9":"instock","10":"shipping-taxable","11":"product-type-simple"},"yoast_head":"<!-- This site is optimized with the Yoast SEO plugin v22.9 - https:\/\/yoast.com\/wordpress\/plugins\/seo\/ -->\n<title>Profiltek Abatible Chloe | Mamparas Norte<\/title>\n<meta name=\"robots\" content=\"index, follow, max-snippet:-1, max-image-preview:large, max-video-preview:-1\" \/>\n<link rel=\"canonical\" href=\"http:\/\/www.mamparasnorte.com\/index.php\/producto\/profiltek-abatible-chloe\/\" \/>\n<meta property=\"og:locale\" content=\"es_ES\" \/>\n<meta property=\"og:type\" content=\"article\" \/>\n<meta property=\"og:title\" content=\"Profiltek Abatible Chloe | Mamparas Norte\" \/>\n<meta property=\"og:description\" content=\"&nbsp;   Mampara de ba\u00f1era y ducha de hojas abatibles con posibilidad de apertura interior y exterior.  Vidrio de seguridad disponible en 6 u 8 mm.  Fijos con perfil con compensaci\u00f3n hasta 15 mm en acabado Cromo Brillo.  Equipada con cierre magn\u00e9tico o goma de estanqueidad. Perfil de cierre magn\u00e9tico con im\u00e1n oculto.  Mampara reversible (ver avisos).  Bisagras y barras estabilizadoras multiposici\u00f3n en acabado Cromo Brillo.  Perfil base acabado Cromo Brillo.  Pomo Oslo de serie en acabado Cromo Brillo.  Consulta accesorios opcionales de la serie.  Esta serie dispone de plantillas de marcaje para facilitar la instalaci\u00f3n (solo en alturas est\u00e1ndares).  Teknoclean opcional.\" \/>\n<meta property=\"og:url\" content=\"http:\/\/www.mamparasnorte.com\/index.php\/producto\/profiltek-abatible-chloe\/\" \/>\n<meta property=\"og:site_name\" content=\"Mamparas Norte\" \/>\n<meta property=\"article:modified_time\" content=\"2023-05-15T15:04:41+00:00\" \/>\n<meta property=\"og:image\" content=\"http:\/\/www.mamparasnorte.com\/wp-content\/uploads\/2023\/03\/chloe-profiltek-mampara-abatible-ducha-medida-ch206-1.jpg\" \/>\n\t<meta property=\"og:image:width\" content=\"690\" \/>\n\t<meta property=\"og:image:height\" content=\"500\" \/>\n\t<meta property=\"og:image:type\" content=\"image\/jpeg\" \/>\n<meta name=\"twitter:card\" content=\"summary_large_image\" \/>\n<script type=\"application\/ld+json\" class=\"yoast-schema-graph\">{\"@context\":\"https:\/\/schema.org\",\"@graph\":[{\"@type\":\"WebPage\",\"@id\":\"http:\/\/www.mamparasnorte.com\/index.php\/producto\/profiltek-abatible-chloe\/\",\"url\":\"http:\/\/www.mamparasnorte.com\/index.php\/producto\/profiltek-abatible-chloe\/\",\"name\":\"Profiltek Abatible Chloe | Mamparas Norte\",\"isPartOf\":{\"@id\":\"https:\/\/www.mamparasnorte.com\/#website\"},\"primaryImageOfPage\":{\"@id\":\"http:\/\/www.mamparasnorte.com\/index.php\/producto\/profiltek-abatible-chloe\/#primaryimage\"},\"image\":{\"@id\":\"http:\/\/www.mamparasnorte.com\/index.php\/producto\/profiltek-abatible-chloe\/#primaryimage\"},\"thumbnailUrl\":\"http:\/\/www.mamparasnorte.com\/wp-content\/uploads\/2023\/03\/chloe-profiltek-mampara-abatible-ducha-medida-ch206-1.jpg\",\"datePublished\":\"2023-03-27T06:54:24+00:00\",\"dateModified\":\"2023-05-15T15:04:41+00:00\",\"breadcrumb\":{\"@id\":\"http:\/\/www.mamparasnorte.com\/index.php\/producto\/profiltek-abatible-chloe\/#breadcrumb\"},\"inLanguage\":\"es\",\"potentialAction\":[{\"@type\":\"ReadAction\",\"target\":[\"http:\/\/www.mamparasnorte.com\/index.php\/producto\/profiltek-abatible-chloe\/\"]}]},{\"@type\":\"ImageObject\",\"inLanguage\":\"es\",\"@id\":\"http:\/\/www.mamparasnorte.com\/index.php\/producto\/profiltek-abatible-chloe\/#primaryimage\",\"url\":\"http:\/\/www.mamparasnorte.com\/wp-content\/uploads\/2023\/03\/chloe-profiltek-mampara-abatible-ducha-medida-ch206-1.jpg\",\"contentUrl\":\"http:\/\/www.mamparasnorte.com\/wp-content\/uploads\/2023\/03\/chloe-profiltek-mampara-abatible-ducha-medida-ch206-1.jpg\",\"width\":690,\"height\":500},{\"@type\":\"BreadcrumbList\",\"@id\":\"http:\/\/www.mamparasnorte.com\/index.php\/producto\/profiltek-abatible-chloe\/#breadcrumb\",\"itemListElement\":[{\"@type\":\"ListItem\",\"position\":1,\"name\":\"Portada\",\"item\":\"https:\/\/www.mamparasnorte.com\/\"},{\"@type\":\"ListItem\",\"position\":2,\"name\":\"Tienda\",\"item\":\"http:\/\/www.mamparasnorte.com\/index.php\/tienda\/\"},{\"@type\":\"ListItem\",\"position\":3,\"name\":\"Profiltek Abatible Chloe\"}]},{\"@type\":\"WebSite\",\"@id\":\"https:\/\/www.mamparasnorte.com\/#website\",\"url\":\"https:\/\/www.mamparasnorte.com\/\",\"name\":\"Mamparas Norte\",\"description\":\"Las mejores mamparas del Norte de Madrid\",\"alternateName\":\"mamparasnorte\",\"potentialAction\":[{\"@type\":\"SearchAction\",\"target\":{\"@type\":\"EntryPoint\",\"urlTemplate\":\"https:\/\/www.mamparasnorte.com\/?s={search_term_string}\"},\"query-input\":\"required name=search_term_string\"}],\"inLanguage\":\"es\"}]}<\/script>\n<!-- \/ Yoast SEO plugin. -->","yoast_head_json":{"title":"Profiltek Abatible Chloe | Mamparas Norte","robots":{"index":"index","follow":"follow","max-snippet":"max-snippet:-1","max-image-preview":"max-image-preview:large","max-video-preview":"max-video-preview:-1"},"canonical":"http:\/\/www.mamparasnorte.com\/index.php\/producto\/profiltek-abatible-chloe\/","og_locale":"es_ES","og_type":"article","og_title":"Profiltek Abatible Chloe | Mamparas Norte","og_description":"&nbsp;   Mampara de ba\u00f1era y ducha de hojas abatibles con posibilidad de apertura interior y exterior.  Vidrio de seguridad disponible en 6 u 8 mm.  Fijos con perfil con compensaci\u00f3n hasta 15 mm en acabado Cromo Brillo.  Equipada con cierre magn\u00e9tico o goma de estanqueidad. Perfil de cierre magn\u00e9tico con im\u00e1n oculto.  Mampara reversible (ver avisos).  Bisagras y barras estabilizadoras multiposici\u00f3n en acabado Cromo Brillo.  Perfil base acabado Cromo Brillo.  Pomo Oslo de serie en acabado Cromo Brillo.  Consulta accesorios opcionales de la serie.  Esta serie dispone de plantillas de marcaje para facilitar la instalaci\u00f3n (solo en alturas est\u00e1ndares).  Teknoclean opcional.","og_url":"http:\/\/www.mamparasnorte.com\/index.php\/producto\/profiltek-abatible-chloe\/","og_site_name":"Mamparas Norte","article_modified_time":"2023-05-15T15:04:41+00:00","og_image":[{"width":690,"height":500,"url":"http:\/\/www.mamparasnorte.com\/wp-content\/uploads\/2023\/03\/chloe-profiltek-mampara-abatible-ducha-medida-ch206-1.jpg","type":"image\/jpeg"}],"twitter_card":"summary_large_image","schema":{"@context":"https:\/\/schema.org","@graph":[{"@type":"WebPage","@id":"http:\/\/www.mamparasnorte.com\/index.php\/producto\/profiltek-abatible-chloe\/","url":"http:\/\/www.mamparasnorte.com\/index.php\/producto\/profiltek-abatible-chloe\/","name":"Profiltek Abatible Chloe | Mamparas Norte","isPartOf":{"@id":"https:\/\/www.mamparasnorte.com\/#website"},"primaryImageOfPage":{"@id":"http:\/\/www.mamparasnorte.com\/index.php\/producto\/profiltek-abatible-chloe\/#primaryimage"},"image":{"@id":"http:\/\/www.mamparasnorte.com\/index.php\/producto\/profiltek-abatible-chloe\/#primaryimage"},"thumbnailUrl":"http:\/\/www.mamparasnorte.com\/wp-content\/uploads\/2023\/03\/chloe-profiltek-mampara-abatible-ducha-medida-ch206-1.jpg","datePublished":"2023-03-27T06:54:24+00:00","dateModified":"2023-05-15T15:04:41+00:00","breadcrumb":{"@id":"http:\/\/www.mamparasnorte.com\/index.php\/producto\/profiltek-abatible-chloe\/#breadcrumb"},"inLanguage":"es","potentialAction":[{"@type":"ReadAction","target":["http:\/\/www.mamparasnorte.com\/index.php\/producto\/profiltek-abatible-chloe\/"]}]},{"@type":"ImageObject","inLanguage":"es","@id":"http:\/\/www.mamparasnorte.com\/index.php\/producto\/profiltek-abatible-chloe\/#primaryimage","url":"http:\/\/www.mamparasnorte.com\/wp-content\/uploads\/2023\/03\/chloe-profiltek-mampara-abatible-ducha-medida-ch206-1.jpg","contentUrl":"http:\/\/www.mamparasnorte.com\/wp-content\/uploads\/2023\/03\/chloe-profiltek-mampara-abatible-ducha-medida-ch206-1.jpg","width":690,"height":500},{"@type":"BreadcrumbList","@id":"http:\/\/www.mamparasnorte.com\/index.php\/producto\/profiltek-abatible-chloe\/#breadcrumb","itemListElement":[{"@type":"ListItem","position":1,"name":"Portada","item":"https:\/\/www.mamparasnorte.com\/"},{"@type":"ListItem","position":2,"name":"Tienda","item":"http:\/\/www.mamparasnorte.com\/index.php\/tienda\/"},{"@type":"ListItem","position":3,"name":"Profiltek Abatible Chloe"}]},{"@type":"WebSite","@id":"https:\/\/www.mamparasnorte.com\/#website","url":"https:\/\/www.mamparasnorte.com\/","name":"Mamparas Norte","description":"Las mejores mamparas del Norte de Madrid","alternateName":"mamparasnorte","potentialAction":[{"@type":"SearchAction","target":{"@type":"EntryPoint","urlTemplate":"https:\/\/www.mamparasnorte.com\/?s={search_term_string}"},"query-input":"required name=search_term_string"}],"inLanguage":"es"}]}},"_links":{"self":[{"href":"http:\/\/www.mamparasnorte.com\/index.php\/wp-json\/wp\/v2\/product\/8883","targetHints":{"allow":["GET"]}}],"collection":[{"href":"http:\/\/www.mamparasnorte.com\/index.php\/wp-json\/wp\/v2\/product"}],"about":[{"href":"http:\/\/www.mamparasnorte.com\/index.php\/wp-json\/wp\/v2\/types\/product"}],"version-history":[{"count":4,"href":"http:\/\/www.mamparasnorte.com\/index.php\/wp-json\/wp\/v2\/product\/8883\/revisions"}],"predecessor-version":[{"id":9223,"href":"http:\/\/www.mamparasnorte.com\/index.php\/wp-json\/wp\/v2\/product\/8883\/revisions\/9223"}],"wp:featuredmedia":[{"embeddable":true,"href":"http:\/\/www.mamparasnorte.com\/index.php\/wp-json\/wp\/v2\/media\/8903"}],"wp:attachment":[{"href":"http:\/\/www.mamparasnorte.com\/index.php\/wp-json\/wp\/v2\/media?parent=8883"}],"wp:term":[{"taxonomy":"product_cat","embeddable":true,"href":"http:\/\/www.mamparasnorte.com\/index.php\/wp-json\/wp\/v2\/product_cat?post=8883"},{"taxonomy":"product_tag","embeddable":true,"href":"http:\/\/www.mamparasnorte.com\/index.php\/wp-json\/wp\/v2\/product_tag?post=8883"}],"curies":[{"name":"wp","href":"https:\/\/api.w.org\/{rel}","templated":true}]}}