{"id":8933,"date":"2023-03-27T06:54:34","date_gmt":"2023-03-27T06:54:34","guid":{"rendered":"https:\/\/www.mamparasnorte.com\/?post_type=product&#038;p=8933"},"modified":"2023-05-15T16:06:09","modified_gmt":"2023-05-15T15:06:09","slug":"profiltek-especiales","status":"publish","type":"product","link":"http:\/\/www.mamparasnorte.com\/index.php\/producto\/profiltek-especiales\/","title":{"rendered":"Profiltek Especiales"},"content":{"rendered":"","protected":false},"excerpt":{"rendered":"<p>En Profiltek, desde hace 30 a\u00f1os, producen mamparas a medida, siendo los pioneros en dise\u00f1ar y desarrollar procesos productivos capaces de fabricar todas sus unidades seg\u00fan las necesidades est\u00e9ticas o dimensionales del cliente. Disponen de un equipo de profesionales experimentados y decididos a ofrecer la mejor soluci\u00f3n ante cualquier reto que se pueda plantear.<\/p>\n<p>En este cap\u00edtulo, podr\u00e1s encontrar algunos ejemplos de productos adaptados a distintas necesidades.<\/p>\n","protected":false},"featured_media":8952,"template":"","meta":[],"product_cat":[75],"product_tag":[],"class_list":{"0":"post-8933","1":"product","2":"type-product","3":"status-publish","4":"has-post-thumbnail","6":"product_cat-especiales","8":"first","9":"instock","10":"shipping-taxable","11":"product-type-simple"},"yoast_head":"<!-- This site is optimized with the Yoast SEO plugin v22.9 - https:\/\/yoast.com\/wordpress\/plugins\/seo\/ -->\n<title>Profiltek Especiales | Mamparas Norte<\/title>\n<meta name=\"robots\" content=\"index, follow, max-snippet:-1, max-image-preview:large, max-video-preview:-1\" \/>\n<link rel=\"canonical\" href=\"http:\/\/www.mamparasnorte.com\/index.php\/producto\/profiltek-especiales\/\" \/>\n<meta property=\"og:locale\" content=\"es_ES\" \/>\n<meta property=\"og:type\" content=\"article\" \/>\n<meta property=\"og:title\" content=\"Profiltek Especiales | Mamparas Norte\" \/>\n<meta property=\"og:description\" content=\"En Profiltek, desde hace 30 a\u00f1os, producen mamparas a medida, siendo los pioneros en dise\u00f1ar y desarrollar procesos productivos capaces de fabricar todas sus unidades seg\u00fan las necesidades est\u00e9ticas o dimensionales del cliente. Disponen de un equipo de profesionales experimentados y decididos a ofrecer la mejor soluci\u00f3n ante cualquier reto que se pueda plantear.  En este cap\u00edtulo, podr\u00e1s encontrar algunos ejemplos de productos adaptados a distintas necesidades.\" \/>\n<meta property=\"og:url\" content=\"http:\/\/www.mamparasnorte.com\/index.php\/producto\/profiltek-especiales\/\" \/>\n<meta property=\"og:site_name\" content=\"Mamparas Norte\" \/>\n<meta property=\"article:modified_time\" content=\"2023-05-15T15:06:09+00:00\" \/>\n<meta property=\"og:image\" content=\"http:\/\/www.mamparasnorte.com\/wp-content\/uploads\/2023\/03\/mampara-bano-especiales-es218-profiltek-1.jpg\" \/>\n\t<meta property=\"og:image:width\" content=\"690\" \/>\n\t<meta property=\"og:image:height\" content=\"500\" \/>\n\t<meta property=\"og:image:type\" content=\"image\/jpeg\" \/>\n<meta name=\"twitter:card\" content=\"summary_large_image\" \/>\n<script type=\"application\/ld+json\" class=\"yoast-schema-graph\">{\"@context\":\"https:\/\/schema.org\",\"@graph\":[{\"@type\":\"WebPage\",\"@id\":\"http:\/\/www.mamparasnorte.com\/index.php\/producto\/profiltek-especiales\/\",\"url\":\"http:\/\/www.mamparasnorte.com\/index.php\/producto\/profiltek-especiales\/\",\"name\":\"Profiltek Especiales | Mamparas Norte\",\"isPartOf\":{\"@id\":\"http:\/\/www.mamparasnorte.com\/#website\"},\"primaryImageOfPage\":{\"@id\":\"http:\/\/www.mamparasnorte.com\/index.php\/producto\/profiltek-especiales\/#primaryimage\"},\"image\":{\"@id\":\"http:\/\/www.mamparasnorte.com\/index.php\/producto\/profiltek-especiales\/#primaryimage\"},\"thumbnailUrl\":\"http:\/\/www.mamparasnorte.com\/wp-content\/uploads\/2023\/03\/mampara-bano-especiales-es218-profiltek-1.jpg\",\"datePublished\":\"2023-03-27T06:54:34+00:00\",\"dateModified\":\"2023-05-15T15:06:09+00:00\",\"breadcrumb\":{\"@id\":\"http:\/\/www.mamparasnorte.com\/index.php\/producto\/profiltek-especiales\/#breadcrumb\"},\"inLanguage\":\"es\",\"potentialAction\":[{\"@type\":\"ReadAction\",\"target\":[\"http:\/\/www.mamparasnorte.com\/index.php\/producto\/profiltek-especiales\/\"]}]},{\"@type\":\"ImageObject\",\"inLanguage\":\"es\",\"@id\":\"http:\/\/www.mamparasnorte.com\/index.php\/producto\/profiltek-especiales\/#primaryimage\",\"url\":\"http:\/\/www.mamparasnorte.com\/wp-content\/uploads\/2023\/03\/mampara-bano-especiales-es218-profiltek-1.jpg\",\"contentUrl\":\"http:\/\/www.mamparasnorte.com\/wp-content\/uploads\/2023\/03\/mampara-bano-especiales-es218-profiltek-1.jpg\",\"width\":690,\"height\":500},{\"@type\":\"BreadcrumbList\",\"@id\":\"http:\/\/www.mamparasnorte.com\/index.php\/producto\/profiltek-especiales\/#breadcrumb\",\"itemListElement\":[{\"@type\":\"ListItem\",\"position\":1,\"name\":\"Portada\",\"item\":\"http:\/\/www.mamparasnorte.com\/\"},{\"@type\":\"ListItem\",\"position\":2,\"name\":\"Tienda\",\"item\":\"http:\/\/www.mamparasnorte.com\/index.php\/tienda\/\"},{\"@type\":\"ListItem\",\"position\":3,\"name\":\"Profiltek Especiales\"}]},{\"@type\":\"WebSite\",\"@id\":\"http:\/\/www.mamparasnorte.com\/#website\",\"url\":\"http:\/\/www.mamparasnorte.com\/\",\"name\":\"Mamparas Norte\",\"description\":\"Las mejores mamparas del Norte de Madrid\",\"alternateName\":\"mamparasnorte\",\"potentialAction\":[{\"@type\":\"SearchAction\",\"target\":{\"@type\":\"EntryPoint\",\"urlTemplate\":\"http:\/\/www.mamparasnorte.com\/?s={search_term_string}\"},\"query-input\":\"required name=search_term_string\"}],\"inLanguage\":\"es\"}]}<\/script>\n<!-- \/ Yoast SEO plugin. -->","yoast_head_json":{"title":"Profiltek Especiales | Mamparas Norte","robots":{"index":"index","follow":"follow","max-snippet":"max-snippet:-1","max-image-preview":"max-image-preview:large","max-video-preview":"max-video-preview:-1"},"canonical":"http:\/\/www.mamparasnorte.com\/index.php\/producto\/profiltek-especiales\/","og_locale":"es_ES","og_type":"article","og_title":"Profiltek Especiales | Mamparas Norte","og_description":"En Profiltek, desde hace 30 a\u00f1os, producen mamparas a medida, siendo los pioneros en dise\u00f1ar y desarrollar procesos productivos capaces de fabricar todas sus unidades seg\u00fan las necesidades est\u00e9ticas o dimensionales del cliente. Disponen de un equipo de profesionales experimentados y decididos a ofrecer la mejor soluci\u00f3n ante cualquier reto que se pueda plantear.  En este cap\u00edtulo, podr\u00e1s encontrar algunos ejemplos de productos adaptados a distintas necesidades.","og_url":"http:\/\/www.mamparasnorte.com\/index.php\/producto\/profiltek-especiales\/","og_site_name":"Mamparas Norte","article_modified_time":"2023-05-15T15:06:09+00:00","og_image":[{"width":690,"height":500,"url":"http:\/\/www.mamparasnorte.com\/wp-content\/uploads\/2023\/03\/mampara-bano-especiales-es218-profiltek-1.jpg","type":"image\/jpeg"}],"twitter_card":"summary_large_image","schema":{"@context":"https:\/\/schema.org","@graph":[{"@type":"WebPage","@id":"http:\/\/www.mamparasnorte.com\/index.php\/producto\/profiltek-especiales\/","url":"http:\/\/www.mamparasnorte.com\/index.php\/producto\/profiltek-especiales\/","name":"Profiltek Especiales | Mamparas Norte","isPartOf":{"@id":"http:\/\/www.mamparasnorte.com\/#website"},"primaryImageOfPage":{"@id":"http:\/\/www.mamparasnorte.com\/index.php\/producto\/profiltek-especiales\/#primaryimage"},"image":{"@id":"http:\/\/www.mamparasnorte.com\/index.php\/producto\/profiltek-especiales\/#primaryimage"},"thumbnailUrl":"http:\/\/www.mamparasnorte.com\/wp-content\/uploads\/2023\/03\/mampara-bano-especiales-es218-profiltek-1.jpg","datePublished":"2023-03-27T06:54:34+00:00","dateModified":"2023-05-15T15:06:09+00:00","breadcrumb":{"@id":"http:\/\/www.mamparasnorte.com\/index.php\/producto\/profiltek-especiales\/#breadcrumb"},"inLanguage":"es","potentialAction":[{"@type":"ReadAction","target":["http:\/\/www.mamparasnorte.com\/index.php\/producto\/profiltek-especiales\/"]}]},{"@type":"ImageObject","inLanguage":"es","@id":"http:\/\/www.mamparasnorte.com\/index.php\/producto\/profiltek-especiales\/#primaryimage","url":"http:\/\/www.mamparasnorte.com\/wp-content\/uploads\/2023\/03\/mampara-bano-especiales-es218-profiltek-1.jpg","contentUrl":"http:\/\/www.mamparasnorte.com\/wp-content\/uploads\/2023\/03\/mampara-bano-especiales-es218-profiltek-1.jpg","width":690,"height":500},{"@type":"BreadcrumbList","@id":"http:\/\/www.mamparasnorte.com\/index.php\/producto\/profiltek-especiales\/#breadcrumb","itemListElement":[{"@type":"ListItem","position":1,"name":"Portada","item":"http:\/\/www.mamparasnorte.com\/"},{"@type":"ListItem","position":2,"name":"Tienda","item":"http:\/\/www.mamparasnorte.com\/index.php\/tienda\/"},{"@type":"ListItem","position":3,"name":"Profiltek Especiales"}]},{"@type":"WebSite","@id":"http:\/\/www.mamparasnorte.com\/#website","url":"http:\/\/www.mamparasnorte.com\/","name":"Mamparas Norte","description":"Las mejores mamparas del Norte de Madrid","alternateName":"mamparasnorte","potentialAction":[{"@type":"SearchAction","target":{"@type":"EntryPoint","urlTemplate":"http:\/\/www.mamparasnorte.com\/?s={search_term_string}"},"query-input":"required name=search_term_string"}],"inLanguage":"es"}]}},"_links":{"self":[{"href":"http:\/\/www.mamparasnorte.com\/index.php\/wp-json\/wp\/v2\/product\/8933","targetHints":{"allow":["GET"]}}],"collection":[{"href":"http:\/\/www.mamparasnorte.com\/index.php\/wp-json\/wp\/v2\/product"}],"about":[{"href":"http:\/\/www.mamparasnorte.com\/index.php\/wp-json\/wp\/v2\/types\/product"}],"version-history":[{"count":4,"href":"http:\/\/www.mamparasnorte.com\/index.php\/wp-json\/wp\/v2\/product\/8933\/revisions"}],"predecessor-version":[{"id":9226,"href":"http:\/\/www.mamparasnorte.com\/index.php\/wp-json\/wp\/v2\/product\/8933\/revisions\/9226"}],"wp:featuredmedia":[{"embeddable":true,"href":"http:\/\/www.mamparasnorte.com\/index.php\/wp-json\/wp\/v2\/media\/8952"}],"wp:attachment":[{"href":"http:\/\/www.mamparasnorte.com\/index.php\/wp-json\/wp\/v2\/media?parent=8933"}],"wp:term":[{"taxonomy":"product_cat","embeddable":true,"href":"http:\/\/www.mamparasnorte.com\/index.php\/wp-json\/wp\/v2\/product_cat?post=8933"},{"taxonomy":"product_tag","embeddable":true,"href":"http:\/\/www.mamparasnorte.com\/index.php\/wp-json\/wp\/v2\/product_tag?post=8933"}],"curies":[{"name":"wp","href":"https:\/\/api.w.org\/{rel}","templated":true}]}}