{"id":9546,"date":"2024-02-02T20:05:29","date_gmt":"2024-02-02T19:05:29","guid":{"rendered":"https:\/\/www.mamparasnorte.com\/?post_type=product&#038;p=9546"},"modified":"2024-02-03T23:43:25","modified_gmt":"2024-02-03T22:43:25","slug":"gme-vetrum-2f-2c","status":"publish","type":"product","link":"http:\/\/www.mamparasnorte.com\/index.php\/producto\/gme-vetrum-2f-2c\/","title":{"rendered":"GME Vetrum 2F 2C"},"content":{"rendered":"<ul>\n<li><strong>Altura 202cm<\/strong><\/li>\n<li><strong>Perfiler\u00eda 8\/10mm<\/strong><\/li>\n<li><strong>Corredera y reversible<\/strong><\/li>\n<li><strong>Acero inox<\/strong><\/li>\n<li><strong>Cruce de puertas min: 1cm, m\u00e1x: 11cm<\/strong><\/li>\n<\/ul>\n<p><strong>TIPO DE PERFILER\u00cdA<\/strong><\/p>\n<p>Perfiles en acero inoxidable tratados con un proceso conocido como pulido de espejo ( brillo comparable al de un cromado) el cual los hace m\u00e1s f\u00e1ciles de limpiar.<\/p>\n<p><strong>PERFILES DE AJUSTE Y COMPENSACI\u00d3N<\/strong><\/p>\n<p>Los perfiles verticales de la mampara de ducha permiten el<strong>\u00a0ajuste de la mampara<\/strong>\u00a0y hacen que podamos adaptarla correctamente a las condiciones de la obra, salvando los posibles desniveles que puedan existir en las paredes y ajust\u00e1ndose al hueco de luz necesario.<\/p>\n<p>En concreto el ancho de la perfiler\u00eda del cristal fijo es de 2,4 cm, lo que nos permitir\u00e1n salvar los descuadres que puedan haber en las paredes de nuestro plato de ducha o ba\u00f1era. El modelo Vetrum se encuentra en stock en unas medidas est\u00e1ndar ya establecidas y con unos rangos que nos permiten adaptarnos al hueco (ver tablas modelo Vetrum en cat\u00e1logo).<\/p>\n<p>Dichos rangos se consiguen adaptando el vierteaguas inferior a la medida necesaria y con un mayor o menor solape de puerta sobre el fijo (1-6 cm). Por ello durante la instalaci\u00f3n ser\u00e1 necesario cortar el vierteaguas inferior para adaptarlo a nuestro hueco, para ello bastar\u00e1 con una sierra de corte para acero.<\/p>\n<p><strong>CRISTALES Y DECORADOS<\/strong><\/p>\n<p>GME solo trabaja con mamparas de cristales templados. El vidrio templado es un tipo de vidrio de seguridad, se procesan con tratamientos t\u00e9rmicos o qu\u00edmicos, para aumentar su resistencia en comparaci\u00f3n con el vidrio normal. El cristal templado, cuando se rompe, se divide en multitud de trozos peque\u00f1os en lugar de astillar en grandes fragmentos dentados. Estos diminutos trozos, tienen menos probabilidades de causar lesiones.<\/p>\n<p>Esta mampara urade ducha tiene cristal templado de seguridad de 8 mm. de grosor en la corredera y de 10 mm. de grosor en el cristal fijo.<\/p>\n<p>Otra opci\u00f3n de decorado son nuestros vinilos adhesivos (plazo entrega 7 d\u00edas) o la posibilidad de impresi\u00f3n digital (plazo entrega 20 d\u00edas).<\/p>\n<p><strong>APERTURA<\/strong><\/p>\n<p>El sistema de apertura es mediante hojas correderas, las cuales van provistas de rodamientos que se deslizan por el cristal fijo y por el vierteaguas met\u00e1lico inferior.<\/p>\n<p><strong>SISTEMA DE CIERRE<\/strong><\/p>\n<p>El sistema de cierre de la mampara de ducha es mediante cierre magn\u00e9tico, lo cual, proporciona una gran comodidad y estanqueidad a la hora de cerrar la mampara.<\/p>\n<p><strong>ESTANQUEIDAD<\/strong><\/p>\n<p>La mampara de ducha dispone de una goma vierteaguas vertical para garantizar la estanqueidad en el hueco entre la hoja corredera y el cristal fijo.<\/p>\n<p>La mampara de ducha carece de gu\u00eda en la zona inferior de la mampara,\u00a0tan solo lleva un vierteaguas met\u00e1lico sobre el plato de ducha (1,8 cm de alto y 0,8 cm de ancho) por donde discurre el rodamiento.<\/p>\n<p>&nbsp;<\/p>\n","protected":false},"excerpt":{"rendered":"<p>Altura 202cm Perfiler\u00eda 8\/10mm Corredera y reversible Acero inox Cruce de puertas min: 1cm, m\u00e1x: 11cm TIPO DE PERFILER\u00cdA Perfiles<\/p>\n","protected":false},"featured_media":9551,"template":"","meta":[],"product_cat":[73],"product_tag":[],"class_list":{"0":"post-9546","1":"product","2":"type-product","3":"status-publish","4":"has-post-thumbnail","6":"product_cat-mamparas-correderas","8":"first","9":"instock","10":"shipping-taxable","11":"product-type-simple"},"yoast_head":"<!-- This site is optimized with the Yoast SEO plugin v22.9 - https:\/\/yoast.com\/wordpress\/plugins\/seo\/ -->\n<title>GME Vetrum 2F 2C | Mamparas Norte<\/title>\n<meta name=\"robots\" content=\"index, follow, max-snippet:-1, max-image-preview:large, max-video-preview:-1\" \/>\n<link rel=\"canonical\" href=\"https:\/\/www.mamparasnorte.com\/index.php\/producto\/gme-vetrum-2f-2c\/\" \/>\n<meta property=\"og:locale\" content=\"es_ES\" \/>\n<meta property=\"og:type\" content=\"article\" \/>\n<meta property=\"og:title\" content=\"GME Vetrum 2F 2C | Mamparas Norte\" \/>\n<meta property=\"og:description\" content=\"Altura 202cm Perfiler\u00eda 8\/10mm Corredera y reversible Acero inox Cruce de puertas min: 1cm, m\u00e1x: 11cm TIPO DE PERFILER\u00cdA Perfiles\" \/>\n<meta property=\"og:url\" content=\"https:\/\/www.mamparasnorte.com\/index.php\/producto\/gme-vetrum-2f-2c\/\" \/>\n<meta property=\"og:site_name\" content=\"Mamparas Norte\" \/>\n<meta property=\"article:modified_time\" content=\"2024-02-03T22:43:25+00:00\" \/>\n<meta property=\"og:image\" content=\"https:\/\/www.mamparasnorte.com\/wp-content\/uploads\/2024\/02\/1gme-vetrum-spazio-2-f-2c.jpg\" \/>\n\t<meta property=\"og:image:width\" content=\"800\" \/>\n\t<meta property=\"og:image:height\" content=\"800\" \/>\n\t<meta property=\"og:image:type\" content=\"image\/jpeg\" \/>\n<meta name=\"twitter:card\" content=\"summary_large_image\" \/>\n<meta name=\"twitter:label1\" content=\"Tiempo de lectura\" \/>\n\t<meta name=\"twitter:data1\" content=\"2 minutos\" \/>\n<script type=\"application\/ld+json\" class=\"yoast-schema-graph\">{\"@context\":\"https:\/\/schema.org\",\"@graph\":[{\"@type\":\"WebPage\",\"@id\":\"https:\/\/www.mamparasnorte.com\/index.php\/producto\/gme-vetrum-2f-2c\/\",\"url\":\"https:\/\/www.mamparasnorte.com\/index.php\/producto\/gme-vetrum-2f-2c\/\",\"name\":\"GME Vetrum 2F 2C | Mamparas Norte\",\"isPartOf\":{\"@id\":\"https:\/\/www.mamparasnorte.com\/#website\"},\"primaryImageOfPage\":{\"@id\":\"https:\/\/www.mamparasnorte.com\/index.php\/producto\/gme-vetrum-2f-2c\/#primaryimage\"},\"image\":{\"@id\":\"https:\/\/www.mamparasnorte.com\/index.php\/producto\/gme-vetrum-2f-2c\/#primaryimage\"},\"thumbnailUrl\":\"http:\/\/www.mamparasnorte.com\/wp-content\/uploads\/2024\/02\/1gme-vetrum-spazio-2-f-2c.jpg\",\"datePublished\":\"2024-02-02T19:05:29+00:00\",\"dateModified\":\"2024-02-03T22:43:25+00:00\",\"breadcrumb\":{\"@id\":\"https:\/\/www.mamparasnorte.com\/index.php\/producto\/gme-vetrum-2f-2c\/#breadcrumb\"},\"inLanguage\":\"es\",\"potentialAction\":[{\"@type\":\"ReadAction\",\"target\":[\"https:\/\/www.mamparasnorte.com\/index.php\/producto\/gme-vetrum-2f-2c\/\"]}]},{\"@type\":\"ImageObject\",\"inLanguage\":\"es\",\"@id\":\"https:\/\/www.mamparasnorte.com\/index.php\/producto\/gme-vetrum-2f-2c\/#primaryimage\",\"url\":\"http:\/\/www.mamparasnorte.com\/wp-content\/uploads\/2024\/02\/1gme-vetrum-spazio-2-f-2c.jpg\",\"contentUrl\":\"http:\/\/www.mamparasnorte.com\/wp-content\/uploads\/2024\/02\/1gme-vetrum-spazio-2-f-2c.jpg\",\"width\":800,\"height\":800},{\"@type\":\"BreadcrumbList\",\"@id\":\"https:\/\/www.mamparasnorte.com\/index.php\/producto\/gme-vetrum-2f-2c\/#breadcrumb\",\"itemListElement\":[{\"@type\":\"ListItem\",\"position\":1,\"name\":\"Portada\",\"item\":\"https:\/\/www.mamparasnorte.com\/\"},{\"@type\":\"ListItem\",\"position\":2,\"name\":\"Tienda\",\"item\":\"http:\/\/www.mamparasnorte.com\/index.php\/tienda\/\"},{\"@type\":\"ListItem\",\"position\":3,\"name\":\"GME Vetrum 2F 2C\"}]},{\"@type\":\"WebSite\",\"@id\":\"https:\/\/www.mamparasnorte.com\/#website\",\"url\":\"https:\/\/www.mamparasnorte.com\/\",\"name\":\"Mamparas Norte\",\"description\":\"Las mejores mamparas del Norte de Madrid\",\"alternateName\":\"mamparasnorte\",\"potentialAction\":[{\"@type\":\"SearchAction\",\"target\":{\"@type\":\"EntryPoint\",\"urlTemplate\":\"https:\/\/www.mamparasnorte.com\/?s={search_term_string}\"},\"query-input\":\"required name=search_term_string\"}],\"inLanguage\":\"es\"}]}<\/script>\n<!-- \/ Yoast SEO plugin. -->","yoast_head_json":{"title":"GME Vetrum 2F 2C | Mamparas Norte","robots":{"index":"index","follow":"follow","max-snippet":"max-snippet:-1","max-image-preview":"max-image-preview:large","max-video-preview":"max-video-preview:-1"},"canonical":"https:\/\/www.mamparasnorte.com\/index.php\/producto\/gme-vetrum-2f-2c\/","og_locale":"es_ES","og_type":"article","og_title":"GME Vetrum 2F 2C | Mamparas Norte","og_description":"Altura 202cm Perfiler\u00eda 8\/10mm Corredera y reversible Acero inox Cruce de puertas min: 1cm, m\u00e1x: 11cm TIPO DE PERFILER\u00cdA Perfiles","og_url":"https:\/\/www.mamparasnorte.com\/index.php\/producto\/gme-vetrum-2f-2c\/","og_site_name":"Mamparas Norte","article_modified_time":"2024-02-03T22:43:25+00:00","og_image":[{"width":800,"height":800,"url":"https:\/\/www.mamparasnorte.com\/wp-content\/uploads\/2024\/02\/1gme-vetrum-spazio-2-f-2c.jpg","type":"image\/jpeg"}],"twitter_card":"summary_large_image","twitter_misc":{"Tiempo de lectura":"2 minutos"},"schema":{"@context":"https:\/\/schema.org","@graph":[{"@type":"WebPage","@id":"https:\/\/www.mamparasnorte.com\/index.php\/producto\/gme-vetrum-2f-2c\/","url":"https:\/\/www.mamparasnorte.com\/index.php\/producto\/gme-vetrum-2f-2c\/","name":"GME Vetrum 2F 2C | Mamparas Norte","isPartOf":{"@id":"https:\/\/www.mamparasnorte.com\/#website"},"primaryImageOfPage":{"@id":"https:\/\/www.mamparasnorte.com\/index.php\/producto\/gme-vetrum-2f-2c\/#primaryimage"},"image":{"@id":"https:\/\/www.mamparasnorte.com\/index.php\/producto\/gme-vetrum-2f-2c\/#primaryimage"},"thumbnailUrl":"http:\/\/www.mamparasnorte.com\/wp-content\/uploads\/2024\/02\/1gme-vetrum-spazio-2-f-2c.jpg","datePublished":"2024-02-02T19:05:29+00:00","dateModified":"2024-02-03T22:43:25+00:00","breadcrumb":{"@id":"https:\/\/www.mamparasnorte.com\/index.php\/producto\/gme-vetrum-2f-2c\/#breadcrumb"},"inLanguage":"es","potentialAction":[{"@type":"ReadAction","target":["https:\/\/www.mamparasnorte.com\/index.php\/producto\/gme-vetrum-2f-2c\/"]}]},{"@type":"ImageObject","inLanguage":"es","@id":"https:\/\/www.mamparasnorte.com\/index.php\/producto\/gme-vetrum-2f-2c\/#primaryimage","url":"http:\/\/www.mamparasnorte.com\/wp-content\/uploads\/2024\/02\/1gme-vetrum-spazio-2-f-2c.jpg","contentUrl":"http:\/\/www.mamparasnorte.com\/wp-content\/uploads\/2024\/02\/1gme-vetrum-spazio-2-f-2c.jpg","width":800,"height":800},{"@type":"BreadcrumbList","@id":"https:\/\/www.mamparasnorte.com\/index.php\/producto\/gme-vetrum-2f-2c\/#breadcrumb","itemListElement":[{"@type":"ListItem","position":1,"name":"Portada","item":"https:\/\/www.mamparasnorte.com\/"},{"@type":"ListItem","position":2,"name":"Tienda","item":"http:\/\/www.mamparasnorte.com\/index.php\/tienda\/"},{"@type":"ListItem","position":3,"name":"GME Vetrum 2F 2C"}]},{"@type":"WebSite","@id":"https:\/\/www.mamparasnorte.com\/#website","url":"https:\/\/www.mamparasnorte.com\/","name":"Mamparas Norte","description":"Las mejores mamparas del Norte de Madrid","alternateName":"mamparasnorte","potentialAction":[{"@type":"SearchAction","target":{"@type":"EntryPoint","urlTemplate":"https:\/\/www.mamparasnorte.com\/?s={search_term_string}"},"query-input":"required name=search_term_string"}],"inLanguage":"es"}]}},"_links":{"self":[{"href":"http:\/\/www.mamparasnorte.com\/index.php\/wp-json\/wp\/v2\/product\/9546","targetHints":{"allow":["GET"]}}],"collection":[{"href":"http:\/\/www.mamparasnorte.com\/index.php\/wp-json\/wp\/v2\/product"}],"about":[{"href":"http:\/\/www.mamparasnorte.com\/index.php\/wp-json\/wp\/v2\/types\/product"}],"version-history":[{"count":3,"href":"http:\/\/www.mamparasnorte.com\/index.php\/wp-json\/wp\/v2\/product\/9546\/revisions"}],"predecessor-version":[{"id":9556,"href":"http:\/\/www.mamparasnorte.com\/index.php\/wp-json\/wp\/v2\/product\/9546\/revisions\/9556"}],"wp:featuredmedia":[{"embeddable":true,"href":"http:\/\/www.mamparasnorte.com\/index.php\/wp-json\/wp\/v2\/media\/9551"}],"wp:attachment":[{"href":"http:\/\/www.mamparasnorte.com\/index.php\/wp-json\/wp\/v2\/media?parent=9546"}],"wp:term":[{"taxonomy":"product_cat","embeddable":true,"href":"http:\/\/www.mamparasnorte.com\/index.php\/wp-json\/wp\/v2\/product_cat?post=9546"},{"taxonomy":"product_tag","embeddable":true,"href":"http:\/\/www.mamparasnorte.com\/index.php\/wp-json\/wp\/v2\/product_tag?post=9546"}],"curies":[{"name":"wp","href":"https:\/\/api.w.org\/{rel}","templated":true}]}}