{"id":9627,"date":"2024-02-03T18:20:03","date_gmt":"2024-02-03T17:20:03","guid":{"rendered":"https:\/\/www.mamparasnorte.com\/?post_type=product&#038;p=9627"},"modified":"2024-02-03T21:48:52","modified_gmt":"2024-02-03T20:48:52","slug":"royo-compact-little","status":"publish","type":"product","link":"http:\/\/www.mamparasnorte.com\/index.php\/producto\/royo-compact-little\/","title":{"rendered":"Royo Compact Little"},"content":{"rendered":"<h2>LITTLE COMPACT<\/h2>\n<p>&nbsp;<\/p>\n<p>Dise\u00f1o elegante y sofisticado pensado para espacios reducidos.<\/p>\n<p>Tirador en acabado cuero.<\/p>\n<p>Interiores del caj\u00f3n en Fum\u00e9 Cuero.<\/p>\n<p>Gu\u00edas de extracci\u00f3n total Hettich.<\/p>\n<p>Opci\u00f3n de patas decorativas Wire o Lite en tres acabados diferentes.<\/p>\n<p>Nuevo concepto de mueble de cortes\u00eda para ba\u00f1os peque\u00f1os.<\/p>\n<p><strong>Acabados:\u00a0<\/strong>OL \/ BL \/ RO<\/p>\n","protected":false},"excerpt":{"rendered":"<p>LITTLE COMPACT &nbsp; Dise\u00f1o elegante y sofisticado pensado para espacios reducidos. Tirador en acabado cuero. Interiores del caj\u00f3n en Fum\u00e9<\/p>\n","protected":false},"featured_media":9628,"template":"","meta":[],"product_cat":[100],"product_tag":[],"class_list":{"0":"post-9627","1":"product","2":"type-product","3":"status-publish","4":"has-post-thumbnail","6":"product_cat-muebles","8":"first","9":"instock","10":"shipping-taxable","11":"product-type-simple"},"yoast_head":"<!-- This site is optimized with the Yoast SEO plugin v22.9 - https:\/\/yoast.com\/wordpress\/plugins\/seo\/ -->\n<title>Royo Compact Little | Mamparas Norte<\/title>\n<meta name=\"robots\" content=\"index, follow, max-snippet:-1, max-image-preview:large, max-video-preview:-1\" \/>\n<link rel=\"canonical\" href=\"https:\/\/www.mamparasnorte.com\/index.php\/producto\/royo-compact-little\/\" \/>\n<meta property=\"og:locale\" content=\"es_ES\" \/>\n<meta property=\"og:type\" content=\"article\" \/>\n<meta property=\"og:title\" content=\"Royo Compact Little | Mamparas Norte\" \/>\n<meta property=\"og:description\" content=\"LITTLE COMPACT &nbsp; Dise\u00f1o elegante y sofisticado pensado para espacios reducidos. Tirador en acabado cuero. Interiores del caj\u00f3n en Fum\u00e9\" \/>\n<meta property=\"og:url\" content=\"https:\/\/www.mamparasnorte.com\/index.php\/producto\/royo-compact-little\/\" \/>\n<meta property=\"og:site_name\" content=\"Mamparas Norte\" \/>\n<meta property=\"article:modified_time\" content=\"2024-02-03T20:48:52+00:00\" \/>\n<meta property=\"og:image\" content=\"https:\/\/www.mamparasnorte.com\/wp-content\/uploads\/2024\/02\/LITTLE_50-2C_BlancoMate_Murano-scaled.jpg\" \/>\n\t<meta property=\"og:image:width\" content=\"1910\" \/>\n\t<meta property=\"og:image:height\" content=\"2560\" \/>\n\t<meta property=\"og:image:type\" content=\"image\/jpeg\" \/>\n<meta name=\"twitter:card\" content=\"summary_large_image\" \/>\n<script type=\"application\/ld+json\" class=\"yoast-schema-graph\">{\"@context\":\"https:\/\/schema.org\",\"@graph\":[{\"@type\":\"WebPage\",\"@id\":\"https:\/\/www.mamparasnorte.com\/index.php\/producto\/royo-compact-little\/\",\"url\":\"https:\/\/www.mamparasnorte.com\/index.php\/producto\/royo-compact-little\/\",\"name\":\"Royo Compact Little | Mamparas Norte\",\"isPartOf\":{\"@id\":\"https:\/\/www.mamparasnorte.com\/#website\"},\"primaryImageOfPage\":{\"@id\":\"https:\/\/www.mamparasnorte.com\/index.php\/producto\/royo-compact-little\/#primaryimage\"},\"image\":{\"@id\":\"https:\/\/www.mamparasnorte.com\/index.php\/producto\/royo-compact-little\/#primaryimage\"},\"thumbnailUrl\":\"http:\/\/www.mamparasnorte.com\/wp-content\/uploads\/2024\/02\/LITTLE_50-2C_BlancoMate_Murano-scaled.jpg\",\"datePublished\":\"2024-02-03T17:20:03+00:00\",\"dateModified\":\"2024-02-03T20:48:52+00:00\",\"breadcrumb\":{\"@id\":\"https:\/\/www.mamparasnorte.com\/index.php\/producto\/royo-compact-little\/#breadcrumb\"},\"inLanguage\":\"es\",\"potentialAction\":[{\"@type\":\"ReadAction\",\"target\":[\"https:\/\/www.mamparasnorte.com\/index.php\/producto\/royo-compact-little\/\"]}]},{\"@type\":\"ImageObject\",\"inLanguage\":\"es\",\"@id\":\"https:\/\/www.mamparasnorte.com\/index.php\/producto\/royo-compact-little\/#primaryimage\",\"url\":\"http:\/\/www.mamparasnorte.com\/wp-content\/uploads\/2024\/02\/LITTLE_50-2C_BlancoMate_Murano-scaled.jpg\",\"contentUrl\":\"http:\/\/www.mamparasnorte.com\/wp-content\/uploads\/2024\/02\/LITTLE_50-2C_BlancoMate_Murano-scaled.jpg\",\"width\":1910,\"height\":2560},{\"@type\":\"BreadcrumbList\",\"@id\":\"https:\/\/www.mamparasnorte.com\/index.php\/producto\/royo-compact-little\/#breadcrumb\",\"itemListElement\":[{\"@type\":\"ListItem\",\"position\":1,\"name\":\"Portada\",\"item\":\"https:\/\/www.mamparasnorte.com\/\"},{\"@type\":\"ListItem\",\"position\":2,\"name\":\"Tienda\",\"item\":\"http:\/\/www.mamparasnorte.com\/index.php\/tienda\/\"},{\"@type\":\"ListItem\",\"position\":3,\"name\":\"Royo Compact Little\"}]},{\"@type\":\"WebSite\",\"@id\":\"https:\/\/www.mamparasnorte.com\/#website\",\"url\":\"https:\/\/www.mamparasnorte.com\/\",\"name\":\"Mamparas Norte\",\"description\":\"Las mejores mamparas del Norte de Madrid\",\"alternateName\":\"mamparasnorte\",\"potentialAction\":[{\"@type\":\"SearchAction\",\"target\":{\"@type\":\"EntryPoint\",\"urlTemplate\":\"https:\/\/www.mamparasnorte.com\/?s={search_term_string}\"},\"query-input\":\"required name=search_term_string\"}],\"inLanguage\":\"es\"}]}<\/script>\n<!-- \/ Yoast SEO plugin. -->","yoast_head_json":{"title":"Royo Compact Little | Mamparas Norte","robots":{"index":"index","follow":"follow","max-snippet":"max-snippet:-1","max-image-preview":"max-image-preview:large","max-video-preview":"max-video-preview:-1"},"canonical":"https:\/\/www.mamparasnorte.com\/index.php\/producto\/royo-compact-little\/","og_locale":"es_ES","og_type":"article","og_title":"Royo Compact Little | Mamparas Norte","og_description":"LITTLE COMPACT &nbsp; Dise\u00f1o elegante y sofisticado pensado para espacios reducidos. Tirador en acabado cuero. Interiores del caj\u00f3n en Fum\u00e9","og_url":"https:\/\/www.mamparasnorte.com\/index.php\/producto\/royo-compact-little\/","og_site_name":"Mamparas Norte","article_modified_time":"2024-02-03T20:48:52+00:00","og_image":[{"width":1910,"height":2560,"url":"https:\/\/www.mamparasnorte.com\/wp-content\/uploads\/2024\/02\/LITTLE_50-2C_BlancoMate_Murano-scaled.jpg","type":"image\/jpeg"}],"twitter_card":"summary_large_image","schema":{"@context":"https:\/\/schema.org","@graph":[{"@type":"WebPage","@id":"https:\/\/www.mamparasnorte.com\/index.php\/producto\/royo-compact-little\/","url":"https:\/\/www.mamparasnorte.com\/index.php\/producto\/royo-compact-little\/","name":"Royo Compact Little | Mamparas Norte","isPartOf":{"@id":"https:\/\/www.mamparasnorte.com\/#website"},"primaryImageOfPage":{"@id":"https:\/\/www.mamparasnorte.com\/index.php\/producto\/royo-compact-little\/#primaryimage"},"image":{"@id":"https:\/\/www.mamparasnorte.com\/index.php\/producto\/royo-compact-little\/#primaryimage"},"thumbnailUrl":"http:\/\/www.mamparasnorte.com\/wp-content\/uploads\/2024\/02\/LITTLE_50-2C_BlancoMate_Murano-scaled.jpg","datePublished":"2024-02-03T17:20:03+00:00","dateModified":"2024-02-03T20:48:52+00:00","breadcrumb":{"@id":"https:\/\/www.mamparasnorte.com\/index.php\/producto\/royo-compact-little\/#breadcrumb"},"inLanguage":"es","potentialAction":[{"@type":"ReadAction","target":["https:\/\/www.mamparasnorte.com\/index.php\/producto\/royo-compact-little\/"]}]},{"@type":"ImageObject","inLanguage":"es","@id":"https:\/\/www.mamparasnorte.com\/index.php\/producto\/royo-compact-little\/#primaryimage","url":"http:\/\/www.mamparasnorte.com\/wp-content\/uploads\/2024\/02\/LITTLE_50-2C_BlancoMate_Murano-scaled.jpg","contentUrl":"http:\/\/www.mamparasnorte.com\/wp-content\/uploads\/2024\/02\/LITTLE_50-2C_BlancoMate_Murano-scaled.jpg","width":1910,"height":2560},{"@type":"BreadcrumbList","@id":"https:\/\/www.mamparasnorte.com\/index.php\/producto\/royo-compact-little\/#breadcrumb","itemListElement":[{"@type":"ListItem","position":1,"name":"Portada","item":"https:\/\/www.mamparasnorte.com\/"},{"@type":"ListItem","position":2,"name":"Tienda","item":"http:\/\/www.mamparasnorte.com\/index.php\/tienda\/"},{"@type":"ListItem","position":3,"name":"Royo Compact Little"}]},{"@type":"WebSite","@id":"https:\/\/www.mamparasnorte.com\/#website","url":"https:\/\/www.mamparasnorte.com\/","name":"Mamparas Norte","description":"Las mejores mamparas del Norte de Madrid","alternateName":"mamparasnorte","potentialAction":[{"@type":"SearchAction","target":{"@type":"EntryPoint","urlTemplate":"https:\/\/www.mamparasnorte.com\/?s={search_term_string}"},"query-input":"required name=search_term_string"}],"inLanguage":"es"}]}},"_links":{"self":[{"href":"http:\/\/www.mamparasnorte.com\/index.php\/wp-json\/wp\/v2\/product\/9627","targetHints":{"allow":["GET"]}}],"collection":[{"href":"http:\/\/www.mamparasnorte.com\/index.php\/wp-json\/wp\/v2\/product"}],"about":[{"href":"http:\/\/www.mamparasnorte.com\/index.php\/wp-json\/wp\/v2\/types\/product"}],"version-history":[{"count":1,"href":"http:\/\/www.mamparasnorte.com\/index.php\/wp-json\/wp\/v2\/product\/9627\/revisions"}],"predecessor-version":[{"id":9631,"href":"http:\/\/www.mamparasnorte.com\/index.php\/wp-json\/wp\/v2\/product\/9627\/revisions\/9631"}],"wp:featuredmedia":[{"embeddable":true,"href":"http:\/\/www.mamparasnorte.com\/index.php\/wp-json\/wp\/v2\/media\/9628"}],"wp:attachment":[{"href":"http:\/\/www.mamparasnorte.com\/index.php\/wp-json\/wp\/v2\/media?parent=9627"}],"wp:term":[{"taxonomy":"product_cat","embeddable":true,"href":"http:\/\/www.mamparasnorte.com\/index.php\/wp-json\/wp\/v2\/product_cat?post=9627"},{"taxonomy":"product_tag","embeddable":true,"href":"http:\/\/www.mamparasnorte.com\/index.php\/wp-json\/wp\/v2\/product_tag?post=9627"}],"curies":[{"name":"wp","href":"https:\/\/api.w.org\/{rel}","templated":true}]}}