{"id":9778,"date":"2024-02-16T18:44:18","date_gmt":"2024-02-16T17:44:18","guid":{"rendered":"https:\/\/www.mamparasnorte.com\/?post_type=product&#038;p=9778"},"modified":"2024-02-17T21:28:44","modified_gmt":"2024-02-17T20:28:44","slug":"lluvibath-helen","status":"publish","type":"product","link":"http:\/\/www.mamparasnorte.com\/index.php\/producto\/lluvibath-helen\/","title":{"rendered":"Lluvibath Helen"},"content":{"rendered":"<p>&#8211; \u00a04 v\u00edas.<br \/>\n&#8211; Cartucho monomando cer\u00e1mico, 4 cm.<br \/>\n&#8211; Instalaci\u00f3n frontal.<br \/>\n&#8211; Presi\u00f3n m\u00ednima: 2 bar, m\u00e1xima: 5 bar.<br \/>\n&#8211; Rociador cenital, 60 inyectores antical. 14,5 l\/min.<br \/>\n&#8211; Rociador dorsal y lumbar, 50 inyectores antical. 14 l\/min.<br \/>\n&#8211; Mango de ducha. 10.5 l\/min.<br \/>\n&#8211; Funci\u00f3n cascada. 15 l\/min.<br \/>\n&#8211; Latiguillos 50 cm, rosca: 1\/2&#8243;.<\/p>\n","protected":false},"excerpt":{"rendered":"<p>&#8211; \u00a04 v\u00edas. &#8211; Cartucho monomando cer\u00e1mico, 4 cm. &#8211; Instalaci\u00f3n frontal. &#8211; Presi\u00f3n m\u00ednima: 2 bar, m\u00e1xima: 5 bar.<\/p>\n","protected":false},"featured_media":9781,"template":"","meta":[],"product_cat":[101,72],"product_tag":[],"class_list":{"0":"post-9778","1":"product","2":"type-product","3":"status-publish","4":"has-post-thumbnail","6":"product_cat-griferia","7":"product_cat-mamparas-fijas","9":"first","10":"instock","11":"shipping-taxable","12":"product-type-simple"},"yoast_head":"<!-- This site is optimized with the Yoast SEO plugin v22.9 - https:\/\/yoast.com\/wordpress\/plugins\/seo\/ -->\n<title>Lluvibath Helen | Mamparas Norte<\/title>\n<meta name=\"robots\" content=\"index, follow, max-snippet:-1, max-image-preview:large, max-video-preview:-1\" \/>\n<link rel=\"canonical\" href=\"http:\/\/www.mamparasnorte.com\/index.php\/producto\/lluvibath-helen\/\" \/>\n<meta property=\"og:locale\" content=\"es_ES\" \/>\n<meta property=\"og:type\" content=\"article\" \/>\n<meta property=\"og:title\" content=\"Lluvibath Helen | Mamparas Norte\" \/>\n<meta property=\"og:description\" content=\"&#8211; \u00a04 v\u00edas. &#8211; Cartucho monomando cer\u00e1mico, 4 cm. &#8211; Instalaci\u00f3n frontal. &#8211; Presi\u00f3n m\u00ednima: 2 bar, m\u00e1xima: 5 bar.\" \/>\n<meta property=\"og:url\" content=\"http:\/\/www.mamparasnorte.com\/index.php\/producto\/lluvibath-helen\/\" \/>\n<meta property=\"og:site_name\" content=\"Mamparas Norte\" \/>\n<meta property=\"article:modified_time\" content=\"2024-02-17T20:28:44+00:00\" \/>\n<meta property=\"og:image\" content=\"http:\/\/www.mamparasnorte.com\/wp-content\/uploads\/2024\/02\/helen-columna-de-ducha-hidromasaje-griferia-monomando-negroblanco.jpg\" \/>\n\t<meta property=\"og:image:width\" content=\"1200\" \/>\n\t<meta property=\"og:image:height\" content=\"1372\" \/>\n\t<meta property=\"og:image:type\" content=\"image\/jpeg\" \/>\n<meta name=\"twitter:card\" content=\"summary_large_image\" \/>\n<script type=\"application\/ld+json\" class=\"yoast-schema-graph\">{\"@context\":\"https:\/\/schema.org\",\"@graph\":[{\"@type\":\"WebPage\",\"@id\":\"http:\/\/www.mamparasnorte.com\/index.php\/producto\/lluvibath-helen\/\",\"url\":\"http:\/\/www.mamparasnorte.com\/index.php\/producto\/lluvibath-helen\/\",\"name\":\"Lluvibath Helen | Mamparas Norte\",\"isPartOf\":{\"@id\":\"https:\/\/www.mamparasnorte.com\/#website\"},\"primaryImageOfPage\":{\"@id\":\"http:\/\/www.mamparasnorte.com\/index.php\/producto\/lluvibath-helen\/#primaryimage\"},\"image\":{\"@id\":\"http:\/\/www.mamparasnorte.com\/index.php\/producto\/lluvibath-helen\/#primaryimage\"},\"thumbnailUrl\":\"http:\/\/www.mamparasnorte.com\/wp-content\/uploads\/2024\/02\/helen-columna-de-ducha-hidromasaje-griferia-monomando-negroblanco.jpg\",\"datePublished\":\"2024-02-16T17:44:18+00:00\",\"dateModified\":\"2024-02-17T20:28:44+00:00\",\"breadcrumb\":{\"@id\":\"http:\/\/www.mamparasnorte.com\/index.php\/producto\/lluvibath-helen\/#breadcrumb\"},\"inLanguage\":\"es\",\"potentialAction\":[{\"@type\":\"ReadAction\",\"target\":[\"http:\/\/www.mamparasnorte.com\/index.php\/producto\/lluvibath-helen\/\"]}]},{\"@type\":\"ImageObject\",\"inLanguage\":\"es\",\"@id\":\"http:\/\/www.mamparasnorte.com\/index.php\/producto\/lluvibath-helen\/#primaryimage\",\"url\":\"http:\/\/www.mamparasnorte.com\/wp-content\/uploads\/2024\/02\/helen-columna-de-ducha-hidromasaje-griferia-monomando-negroblanco.jpg\",\"contentUrl\":\"http:\/\/www.mamparasnorte.com\/wp-content\/uploads\/2024\/02\/helen-columna-de-ducha-hidromasaje-griferia-monomando-negroblanco.jpg\",\"width\":1200,\"height\":1372},{\"@type\":\"BreadcrumbList\",\"@id\":\"http:\/\/www.mamparasnorte.com\/index.php\/producto\/lluvibath-helen\/#breadcrumb\",\"itemListElement\":[{\"@type\":\"ListItem\",\"position\":1,\"name\":\"Portada\",\"item\":\"https:\/\/www.mamparasnorte.com\/\"},{\"@type\":\"ListItem\",\"position\":2,\"name\":\"Tienda\",\"item\":\"http:\/\/www.mamparasnorte.com\/index.php\/tienda\/\"},{\"@type\":\"ListItem\",\"position\":3,\"name\":\"Lluvibath Helen\"}]},{\"@type\":\"WebSite\",\"@id\":\"https:\/\/www.mamparasnorte.com\/#website\",\"url\":\"https:\/\/www.mamparasnorte.com\/\",\"name\":\"Mamparas Norte\",\"description\":\"Las mejores mamparas del Norte de Madrid\",\"alternateName\":\"mamparasnorte\",\"potentialAction\":[{\"@type\":\"SearchAction\",\"target\":{\"@type\":\"EntryPoint\",\"urlTemplate\":\"https:\/\/www.mamparasnorte.com\/?s={search_term_string}\"},\"query-input\":\"required name=search_term_string\"}],\"inLanguage\":\"es\"}]}<\/script>\n<!-- \/ Yoast SEO plugin. -->","yoast_head_json":{"title":"Lluvibath Helen | Mamparas Norte","robots":{"index":"index","follow":"follow","max-snippet":"max-snippet:-1","max-image-preview":"max-image-preview:large","max-video-preview":"max-video-preview:-1"},"canonical":"http:\/\/www.mamparasnorte.com\/index.php\/producto\/lluvibath-helen\/","og_locale":"es_ES","og_type":"article","og_title":"Lluvibath Helen | Mamparas Norte","og_description":"&#8211; \u00a04 v\u00edas. &#8211; Cartucho monomando cer\u00e1mico, 4 cm. &#8211; Instalaci\u00f3n frontal. &#8211; Presi\u00f3n m\u00ednima: 2 bar, m\u00e1xima: 5 bar.","og_url":"http:\/\/www.mamparasnorte.com\/index.php\/producto\/lluvibath-helen\/","og_site_name":"Mamparas Norte","article_modified_time":"2024-02-17T20:28:44+00:00","og_image":[{"width":1200,"height":1372,"url":"http:\/\/www.mamparasnorte.com\/wp-content\/uploads\/2024\/02\/helen-columna-de-ducha-hidromasaje-griferia-monomando-negroblanco.jpg","type":"image\/jpeg"}],"twitter_card":"summary_large_image","schema":{"@context":"https:\/\/schema.org","@graph":[{"@type":"WebPage","@id":"http:\/\/www.mamparasnorte.com\/index.php\/producto\/lluvibath-helen\/","url":"http:\/\/www.mamparasnorte.com\/index.php\/producto\/lluvibath-helen\/","name":"Lluvibath Helen | Mamparas Norte","isPartOf":{"@id":"https:\/\/www.mamparasnorte.com\/#website"},"primaryImageOfPage":{"@id":"http:\/\/www.mamparasnorte.com\/index.php\/producto\/lluvibath-helen\/#primaryimage"},"image":{"@id":"http:\/\/www.mamparasnorte.com\/index.php\/producto\/lluvibath-helen\/#primaryimage"},"thumbnailUrl":"http:\/\/www.mamparasnorte.com\/wp-content\/uploads\/2024\/02\/helen-columna-de-ducha-hidromasaje-griferia-monomando-negroblanco.jpg","datePublished":"2024-02-16T17:44:18+00:00","dateModified":"2024-02-17T20:28:44+00:00","breadcrumb":{"@id":"http:\/\/www.mamparasnorte.com\/index.php\/producto\/lluvibath-helen\/#breadcrumb"},"inLanguage":"es","potentialAction":[{"@type":"ReadAction","target":["http:\/\/www.mamparasnorte.com\/index.php\/producto\/lluvibath-helen\/"]}]},{"@type":"ImageObject","inLanguage":"es","@id":"http:\/\/www.mamparasnorte.com\/index.php\/producto\/lluvibath-helen\/#primaryimage","url":"http:\/\/www.mamparasnorte.com\/wp-content\/uploads\/2024\/02\/helen-columna-de-ducha-hidromasaje-griferia-monomando-negroblanco.jpg","contentUrl":"http:\/\/www.mamparasnorte.com\/wp-content\/uploads\/2024\/02\/helen-columna-de-ducha-hidromasaje-griferia-monomando-negroblanco.jpg","width":1200,"height":1372},{"@type":"BreadcrumbList","@id":"http:\/\/www.mamparasnorte.com\/index.php\/producto\/lluvibath-helen\/#breadcrumb","itemListElement":[{"@type":"ListItem","position":1,"name":"Portada","item":"https:\/\/www.mamparasnorte.com\/"},{"@type":"ListItem","position":2,"name":"Tienda","item":"http:\/\/www.mamparasnorte.com\/index.php\/tienda\/"},{"@type":"ListItem","position":3,"name":"Lluvibath Helen"}]},{"@type":"WebSite","@id":"https:\/\/www.mamparasnorte.com\/#website","url":"https:\/\/www.mamparasnorte.com\/","name":"Mamparas Norte","description":"Las mejores mamparas del Norte de Madrid","alternateName":"mamparasnorte","potentialAction":[{"@type":"SearchAction","target":{"@type":"EntryPoint","urlTemplate":"https:\/\/www.mamparasnorte.com\/?s={search_term_string}"},"query-input":"required name=search_term_string"}],"inLanguage":"es"}]}},"_links":{"self":[{"href":"http:\/\/www.mamparasnorte.com\/index.php\/wp-json\/wp\/v2\/product\/9778","targetHints":{"allow":["GET"]}}],"collection":[{"href":"http:\/\/www.mamparasnorte.com\/index.php\/wp-json\/wp\/v2\/product"}],"about":[{"href":"http:\/\/www.mamparasnorte.com\/index.php\/wp-json\/wp\/v2\/types\/product"}],"version-history":[{"count":2,"href":"http:\/\/www.mamparasnorte.com\/index.php\/wp-json\/wp\/v2\/product\/9778\/revisions"}],"predecessor-version":[{"id":9871,"href":"http:\/\/www.mamparasnorte.com\/index.php\/wp-json\/wp\/v2\/product\/9778\/revisions\/9871"}],"wp:featuredmedia":[{"embeddable":true,"href":"http:\/\/www.mamparasnorte.com\/index.php\/wp-json\/wp\/v2\/media\/9781"}],"wp:attachment":[{"href":"http:\/\/www.mamparasnorte.com\/index.php\/wp-json\/wp\/v2\/media?parent=9778"}],"wp:term":[{"taxonomy":"product_cat","embeddable":true,"href":"http:\/\/www.mamparasnorte.com\/index.php\/wp-json\/wp\/v2\/product_cat?post=9778"},{"taxonomy":"product_tag","embeddable":true,"href":"http:\/\/www.mamparasnorte.com\/index.php\/wp-json\/wp\/v2\/product_tag?post=9778"}],"curies":[{"name":"wp","href":"https:\/\/api.w.org\/{rel}","templated":true}]}}