{"id":9947,"date":"2024-03-02T21:26:56","date_gmt":"2024-03-02T20:26:56","guid":{"rendered":"https:\/\/www.mamparasnorte.com\/?post_type=product&#038;p=9947"},"modified":"2024-03-02T21:29:44","modified_gmt":"2024-03-02T20:29:44","slug":"manillons-torrent-anilla-neo","status":"publish","type":"product","link":"http:\/\/www.mamparasnorte.com\/index.php\/producto\/manillons-torrent-anilla-neo\/","title":{"rendered":"Manillons Torrent Anilla Neo"},"content":{"rendered":"<div class=\"vc_row wpb_row vc_row-fluid ult-vc-hide-row vc_row-has-fill\" data-rtl=\"false\" data-row-effect-mobile-disable=\"true\">\n<div class=\"wpb_column vc_column_container vc_col-sm-4\">\n<div class=\"vc_column-inner\">\n<div class=\"wpb_wrapper\">\n<div class=\"wpb_text_column wpb_content_element \">\n<div class=\"wpb_wrapper\">\n<p>Anilla o llamado tambi\u00e9n toallero aro. Ideal para las toallas de la ducha o ba\u00f1era. Doble sistema de sujeci\u00f3n: con tornillos o con adhesivo MT glue. Disponible en negro mate y pulido brillo. Una colecci\u00f3n de accesorios con precios inigualables. \u00a1Compru\u00e9balo!<\/p>\n<\/div>\n<\/div>\n<\/div>\n<\/div>\n<\/div>\n<\/div>\n<div class=\"vc_row wpb_row vc_row-fluid\">\n<div class=\"wpb_column vc_column_container vc_col-sm-12\">\n<div class=\"vc_column-inner\">\n<div class=\"wpb_wrapper\">\n<div class=\"wpb_text_column wpb_content_element \"><\/div>\n<\/div>\n<\/div>\n<\/div>\n<\/div>\n<p>Acabados: Negro Mate, Cromo<\/p>\n<p>&nbsp;<\/p>\n","protected":false},"excerpt":{"rendered":"<p>Anilla o llamado tambi\u00e9n toallero aro. Ideal para las toallas de la ducha o ba\u00f1era. Doble sistema de sujeci\u00f3n: con<\/p>\n","protected":false},"featured_media":9949,"template":"","meta":[],"product_cat":[110,103],"product_tag":[],"class_list":{"0":"post-9947","1":"product","2":"type-product","3":"status-publish","4":"has-post-thumbnail","6":"product_cat-accesorios-anillas","7":"product_cat-accesorios-de-bano","9":"first","10":"instock","11":"shipping-taxable","12":"product-type-simple"},"yoast_head":"<!-- This site is optimized with the Yoast SEO plugin v22.9 - https:\/\/yoast.com\/wordpress\/plugins\/seo\/ -->\n<title>Manillons Torrent Anilla Neo | Mamparas Norte<\/title>\n<meta name=\"robots\" content=\"index, follow, max-snippet:-1, max-image-preview:large, max-video-preview:-1\" \/>\n<link rel=\"canonical\" href=\"http:\/\/www.mamparasnorte.com\/index.php\/producto\/manillons-torrent-anilla-neo\/\" \/>\n<meta property=\"og:locale\" content=\"es_ES\" \/>\n<meta property=\"og:type\" content=\"article\" \/>\n<meta property=\"og:title\" content=\"Manillons Torrent Anilla Neo | Mamparas Norte\" \/>\n<meta property=\"og:description\" content=\"Anilla o llamado tambi\u00e9n toallero aro. Ideal para las toallas de la ducha o ba\u00f1era. Doble sistema de sujeci\u00f3n: con\" \/>\n<meta property=\"og:url\" content=\"http:\/\/www.mamparasnorte.com\/index.php\/producto\/manillons-torrent-anilla-neo\/\" \/>\n<meta property=\"og:site_name\" content=\"Mamparas Norte\" \/>\n<meta property=\"article:modified_time\" content=\"2024-03-02T20:29:44+00:00\" \/>\n<meta property=\"og:image\" content=\"http:\/\/www.mamparasnorte.com\/wp-content\/uploads\/2024\/03\/2663-cromo-768x427-1.jpg\" \/>\n\t<meta property=\"og:image:width\" content=\"768\" \/>\n\t<meta property=\"og:image:height\" content=\"427\" \/>\n\t<meta property=\"og:image:type\" content=\"image\/jpeg\" \/>\n<meta name=\"twitter:card\" content=\"summary_large_image\" \/>\n<script type=\"application\/ld+json\" class=\"yoast-schema-graph\">{\"@context\":\"https:\/\/schema.org\",\"@graph\":[{\"@type\":\"WebPage\",\"@id\":\"http:\/\/www.mamparasnorte.com\/index.php\/producto\/manillons-torrent-anilla-neo\/\",\"url\":\"http:\/\/www.mamparasnorte.com\/index.php\/producto\/manillons-torrent-anilla-neo\/\",\"name\":\"Manillons Torrent Anilla Neo | Mamparas Norte\",\"isPartOf\":{\"@id\":\"http:\/\/www.mamparasnorte.com\/#website\"},\"primaryImageOfPage\":{\"@id\":\"http:\/\/www.mamparasnorte.com\/index.php\/producto\/manillons-torrent-anilla-neo\/#primaryimage\"},\"image\":{\"@id\":\"http:\/\/www.mamparasnorte.com\/index.php\/producto\/manillons-torrent-anilla-neo\/#primaryimage\"},\"thumbnailUrl\":\"http:\/\/www.mamparasnorte.com\/wp-content\/uploads\/2024\/03\/2663-cromo-768x427-1.jpg\",\"datePublished\":\"2024-03-02T20:26:56+00:00\",\"dateModified\":\"2024-03-02T20:29:44+00:00\",\"breadcrumb\":{\"@id\":\"http:\/\/www.mamparasnorte.com\/index.php\/producto\/manillons-torrent-anilla-neo\/#breadcrumb\"},\"inLanguage\":\"es\",\"potentialAction\":[{\"@type\":\"ReadAction\",\"target\":[\"http:\/\/www.mamparasnorte.com\/index.php\/producto\/manillons-torrent-anilla-neo\/\"]}]},{\"@type\":\"ImageObject\",\"inLanguage\":\"es\",\"@id\":\"http:\/\/www.mamparasnorte.com\/index.php\/producto\/manillons-torrent-anilla-neo\/#primaryimage\",\"url\":\"http:\/\/www.mamparasnorte.com\/wp-content\/uploads\/2024\/03\/2663-cromo-768x427-1.jpg\",\"contentUrl\":\"http:\/\/www.mamparasnorte.com\/wp-content\/uploads\/2024\/03\/2663-cromo-768x427-1.jpg\",\"width\":768,\"height\":427},{\"@type\":\"BreadcrumbList\",\"@id\":\"http:\/\/www.mamparasnorte.com\/index.php\/producto\/manillons-torrent-anilla-neo\/#breadcrumb\",\"itemListElement\":[{\"@type\":\"ListItem\",\"position\":1,\"name\":\"Portada\",\"item\":\"http:\/\/www.mamparasnorte.com\/\"},{\"@type\":\"ListItem\",\"position\":2,\"name\":\"Tienda\",\"item\":\"http:\/\/www.mamparasnorte.com\/index.php\/tienda\/\"},{\"@type\":\"ListItem\",\"position\":3,\"name\":\"Manillons Torrent Anilla Neo\"}]},{\"@type\":\"WebSite\",\"@id\":\"http:\/\/www.mamparasnorte.com\/#website\",\"url\":\"http:\/\/www.mamparasnorte.com\/\",\"name\":\"Mamparas Norte\",\"description\":\"Las mejores mamparas del Norte de Madrid\",\"alternateName\":\"mamparasnorte\",\"potentialAction\":[{\"@type\":\"SearchAction\",\"target\":{\"@type\":\"EntryPoint\",\"urlTemplate\":\"http:\/\/www.mamparasnorte.com\/?s={search_term_string}\"},\"query-input\":\"required name=search_term_string\"}],\"inLanguage\":\"es\"}]}<\/script>\n<!-- \/ Yoast SEO plugin. -->","yoast_head_json":{"title":"Manillons Torrent Anilla Neo | Mamparas Norte","robots":{"index":"index","follow":"follow","max-snippet":"max-snippet:-1","max-image-preview":"max-image-preview:large","max-video-preview":"max-video-preview:-1"},"canonical":"http:\/\/www.mamparasnorte.com\/index.php\/producto\/manillons-torrent-anilla-neo\/","og_locale":"es_ES","og_type":"article","og_title":"Manillons Torrent Anilla Neo | Mamparas Norte","og_description":"Anilla o llamado tambi\u00e9n toallero aro. Ideal para las toallas de la ducha o ba\u00f1era. Doble sistema de sujeci\u00f3n: con","og_url":"http:\/\/www.mamparasnorte.com\/index.php\/producto\/manillons-torrent-anilla-neo\/","og_site_name":"Mamparas Norte","article_modified_time":"2024-03-02T20:29:44+00:00","og_image":[{"width":768,"height":427,"url":"http:\/\/www.mamparasnorte.com\/wp-content\/uploads\/2024\/03\/2663-cromo-768x427-1.jpg","type":"image\/jpeg"}],"twitter_card":"summary_large_image","schema":{"@context":"https:\/\/schema.org","@graph":[{"@type":"WebPage","@id":"http:\/\/www.mamparasnorte.com\/index.php\/producto\/manillons-torrent-anilla-neo\/","url":"http:\/\/www.mamparasnorte.com\/index.php\/producto\/manillons-torrent-anilla-neo\/","name":"Manillons Torrent Anilla Neo | Mamparas Norte","isPartOf":{"@id":"http:\/\/www.mamparasnorte.com\/#website"},"primaryImageOfPage":{"@id":"http:\/\/www.mamparasnorte.com\/index.php\/producto\/manillons-torrent-anilla-neo\/#primaryimage"},"image":{"@id":"http:\/\/www.mamparasnorte.com\/index.php\/producto\/manillons-torrent-anilla-neo\/#primaryimage"},"thumbnailUrl":"http:\/\/www.mamparasnorte.com\/wp-content\/uploads\/2024\/03\/2663-cromo-768x427-1.jpg","datePublished":"2024-03-02T20:26:56+00:00","dateModified":"2024-03-02T20:29:44+00:00","breadcrumb":{"@id":"http:\/\/www.mamparasnorte.com\/index.php\/producto\/manillons-torrent-anilla-neo\/#breadcrumb"},"inLanguage":"es","potentialAction":[{"@type":"ReadAction","target":["http:\/\/www.mamparasnorte.com\/index.php\/producto\/manillons-torrent-anilla-neo\/"]}]},{"@type":"ImageObject","inLanguage":"es","@id":"http:\/\/www.mamparasnorte.com\/index.php\/producto\/manillons-torrent-anilla-neo\/#primaryimage","url":"http:\/\/www.mamparasnorte.com\/wp-content\/uploads\/2024\/03\/2663-cromo-768x427-1.jpg","contentUrl":"http:\/\/www.mamparasnorte.com\/wp-content\/uploads\/2024\/03\/2663-cromo-768x427-1.jpg","width":768,"height":427},{"@type":"BreadcrumbList","@id":"http:\/\/www.mamparasnorte.com\/index.php\/producto\/manillons-torrent-anilla-neo\/#breadcrumb","itemListElement":[{"@type":"ListItem","position":1,"name":"Portada","item":"http:\/\/www.mamparasnorte.com\/"},{"@type":"ListItem","position":2,"name":"Tienda","item":"http:\/\/www.mamparasnorte.com\/index.php\/tienda\/"},{"@type":"ListItem","position":3,"name":"Manillons Torrent Anilla Neo"}]},{"@type":"WebSite","@id":"http:\/\/www.mamparasnorte.com\/#website","url":"http:\/\/www.mamparasnorte.com\/","name":"Mamparas Norte","description":"Las mejores mamparas del Norte de Madrid","alternateName":"mamparasnorte","potentialAction":[{"@type":"SearchAction","target":{"@type":"EntryPoint","urlTemplate":"http:\/\/www.mamparasnorte.com\/?s={search_term_string}"},"query-input":"required name=search_term_string"}],"inLanguage":"es"}]}},"_links":{"self":[{"href":"http:\/\/www.mamparasnorte.com\/index.php\/wp-json\/wp\/v2\/product\/9947","targetHints":{"allow":["GET"]}}],"collection":[{"href":"http:\/\/www.mamparasnorte.com\/index.php\/wp-json\/wp\/v2\/product"}],"about":[{"href":"http:\/\/www.mamparasnorte.com\/index.php\/wp-json\/wp\/v2\/types\/product"}],"version-history":[{"count":1,"href":"http:\/\/www.mamparasnorte.com\/index.php\/wp-json\/wp\/v2\/product\/9947\/revisions"}],"predecessor-version":[{"id":9948,"href":"http:\/\/www.mamparasnorte.com\/index.php\/wp-json\/wp\/v2\/product\/9947\/revisions\/9948"}],"wp:featuredmedia":[{"embeddable":true,"href":"http:\/\/www.mamparasnorte.com\/index.php\/wp-json\/wp\/v2\/media\/9949"}],"wp:attachment":[{"href":"http:\/\/www.mamparasnorte.com\/index.php\/wp-json\/wp\/v2\/media?parent=9947"}],"wp:term":[{"taxonomy":"product_cat","embeddable":true,"href":"http:\/\/www.mamparasnorte.com\/index.php\/wp-json\/wp\/v2\/product_cat?post=9947"},{"taxonomy":"product_tag","embeddable":true,"href":"http:\/\/www.mamparasnorte.com\/index.php\/wp-json\/wp\/v2\/product_tag?post=9947"}],"curies":[{"name":"wp","href":"https:\/\/api.w.org\/{rel}","templated":true}]}}