{"id":9311,"date":"2023-05-16T12:38:49","date_gmt":"2023-05-16T11:38:49","guid":{"rendered":"https:\/\/www.mamparasnorte.com\/?post_type=product&#038;p=9311"},"modified":"2023-05-16T12:44:17","modified_gmt":"2023-05-16T11:44:17","slug":"gme-basic","status":"publish","type":"product","link":"https:\/\/www.mamparasnorte.com\/index.php\/producto\/gme-basic\/","title":{"rendered":"GME Basic"},"content":{"rendered":"<h5><strong>SERIE BASIC \u2013 VANGUARDIA EN MAMPARAS DE ALUMINIO<\/strong><\/h5>\n<p>Mamparas de ducha de la serie\u00a0<strong>Basic<\/strong>, mamparas de ba\u00f1o econ\u00f3micas con cristales de 6 mm.<br \/>\n<strong>Basic<\/strong>\u00a0esta disponible en todas las medidas en formatos frontal fijo y corredera, frontal 2 fijos y 2 correderas, Basic free, Basic free angular, apertura al v\u00e9rtice y angular con lateral\u00a0fijo de 8 mm.<\/p>\n<p>El modelo\u00a0<strong>Basic<\/strong>\u00a0se caracteriza por sus perfiles minimalistas de l\u00edneas rectas, ausencia de perfil inferior, as\u00ed\u00a0como su innovador pulsador liberador de hoja en el guiador para facilitar su limpieza. Rodamientos silenciosos de doble polea en nylon. Perfiler\u00eda en aluminio con stopper antivuelco.<\/p>\n<p>Posibilidad de elegir entre perfiler\u00eda negra mate o en blanco cromo, consultar apartado Basic Color. La opci\u00f3n negra mate incluye todos los soportes y tiradores en negro. La opci\u00f3n blanca tiene los soportes y tiradores en cromo.<\/p>\n<p><strong>TIPO DE PERFILER\u00cdA<\/strong><\/p>\n<p>Perfiles en aluminio pulido plata brillo.<\/p>\n<p>BASIC COLOR:\u00a0kits para que la mampara Basic tenga el acabado de la perfiler\u00eda en blanco, blanco\/cromo, negro y el novedoso acabado titanio.<\/p>\n<p><strong>PERFILES DE AJUSTE Y COMPENSACI\u00d3N<\/strong><\/p>\n<p>Los perfiles verticales de la mampara de ducha permiten el<strong>\u00a0ajuste de la mampara<\/strong>\u00a0y hacen que podamos adaptarla correctamente a las condiciones de la obra, salvando los posibles desniveles que puedan existir en las paredes y ajust\u00e1ndose al hueco de luz necesario.<\/p>\n<p>En concreto el ancho de la perfiler\u00eda del modelo\u00a0<strong>Basic<\/strong>\u00a0es de 2,3 cm los cuales nos permitir\u00e1n salvar los descuadres que puedan haber en las paredes de nuestro plato de ducha o ba\u00f1era. El modelo Basic se encuentra en stock en unas medidas est\u00e1ndar ya establecidas y con unos rangos que nos permiten adaptarnos al hueco (ver tablas modelo\u00a0<strong>Basic<\/strong>\u00a0en cat\u00e1logo).<\/p>\n<p>Dichos rangos se consiguen adaptando la gu\u00eda superior a la medida necesaria y con un mayor o menor solape de puerta sobre el fijo (1-6 cm). Por ello durante la instalaci\u00f3n ser\u00e1 necesario cortar la gu\u00eda superior para adaptarla a nuestro hueco, para ello bastar\u00e1 con una sierra de corte para aluminio.<\/p>\n<p><strong>CRISTALES Y DECORADOS<\/strong><\/p>\n<p>GME solo trabaja con mamparas de cristales templados. El vidrio templado es un tipo de vidrio de seguridad, se procesan con tratamientos t\u00e9rmicos o qu\u00edmicos, para aumentar su resistencia en comparaci\u00f3n con el vidrio normal. El cristal templado, cuando se rompe, se divide en multitud de trozos peque\u00f1os en lugar de astillar en grandes fragmentos dentados. Estos diminutos trozos, tienen menos probabilidades de causar lesiones.<\/p>\n<p>Esta mampara de ducha tiene\u00a0<strong>cristal templado de seguridad de 6 mm. de grosor.\u00a0<\/strong><\/p>\n<p>La mampara esta disponible\u00a0<strong>en entrega inmediata<\/strong>\u00a0con cristales en transparente o serigrafiados frost plus. Otra opci\u00f3n de decorado son nuestros vinilos adhesivos (plazo entrega 7 d\u00edas) o la posibilidad de impresi\u00f3n digital (plazo entrega 20 d\u00edas).<\/p>\n<p>La mampara Basic puede realizarse totalmente a medida, modificando el ancho, la altura hasta 220 cm o realizando cajeado en alguno de sus cristales. El plazo de entrega ser\u00e1 de 15 d\u00edas.<\/p>\n<p><strong>TRATAMIENTO ANTICAL<\/strong><\/p>\n<p>Esta mampara incluye el tratamiento antical de serie, el cual cubre el microporo del cristal impidiendo la acumulaci\u00f3n de cal y facilitando la limpieza de los cristales.<\/p>\n<p><strong>APERTURA<\/strong><\/p>\n<p>El sistema de apertura es mediante hojas correderas, las cuales van provistas de rodamientos dobles que se deslizan por la gu\u00eda superior.<\/p>\n<p><strong>LIBERACI\u00d3N DE HOJA CORREDERA<\/strong><\/p>\n<p>Esta mampara de ducha est\u00e1 provista de un sistema de liberaci\u00f3n de hojas, integrado en el guiador inferior, mediante el cual se pueden dejar las puertas libres de la sujeci\u00f3n inferior, con lo cual se facilita la limpieza.<\/p>\n<p><strong>SISTEMA DE CIERRE<\/strong><\/p>\n<p>El sistema de cierre var\u00eda del modelo frontal de fijo y corredera a los angulares de apertura al v\u00e9rtice y angular con lateral fijo.<\/p>\n<p>El sistema de cierre del frontal de fijo y corredera es mediante goma de burbuja, la cual se inserta en la hoja corredera y cierra introduci\u00e9ndose en un perfil vertical en forma de U de acero inoxidable.<\/p>\n<p>El sistema de cierre de los formatos angulares es mediante cierre magn\u00e9tico.<\/p>\n<p><strong>ESTANQUEIDAD<\/strong><\/p>\n<p>La mampara de ducha dispone de gomas vierteaguas verticales para garantizar la estanqueidad en el hueco entre la hoja corredera y el cristal fijo.<\/p>\n<p>La mampara de ducha carece de gu\u00eda en la zona inferior de la mampara, as\u00ed que, para proporcionar una buena estanqueidad, deberemos instalar una goma vierteaguas en la parte baja de la corredera y un vierteaguas met\u00e1lico sobre el plato de ducha (1 cm de alto y 0,6 cm de ancho).<\/p>\n<p><strong>GU\u00cdA SUPERIOR Y RANGOS<\/strong><\/p>\n<p>Los diferentes rangos de instalaci\u00f3n del modelo Basic se consiguen cortando la gu\u00eda superior a le medida deseada.<\/p>\n","protected":false},"excerpt":{"rendered":"<p><strong>GME DIVISI\u00d3N BA\u00d1OS SL.<\/strong> es un grupo empresarial perteneciente a Lorente Holding VLC. Trabajan con la confianza que nos da la experiencia: 30 a\u00f1os fabricando y comercializando los mejores productos para el ba\u00f1o: desde platos de ducha y mamparas, hasta grifer\u00eda y lavabos cer\u00e1micos.<\/p>\n<p>Desarrollan dos l\u00edneas de negocio. Una, como distribuidores de los mejores fabricantes de productos de ba\u00f1o. Otra, comercializando nuestras propias marcas: GME Mamparas y Ba\u00f1o, y Grifer\u00edas IO\u00ae. Puedes ver toda su gama de productos en este <a href=\"http:\/\/www.gmelorente.com\/productos\/\">link<\/a>.<\/p>\n<p><strong>CERTIFICADOS DE CALIDAD<\/strong><br \/>\nPreocupados por la calidad que ofrecemos a sus clientes, <strong>GME DIVISION BA\u00d1OS SL<\/strong>\u00a0dispone de certificados que garantizan la calidad de todos sus productos, los cuales cumplen con todas las normativas europeas.<\/p>\n<p>Al mismo tiempo\u00a0<strong>GME DIVISION BA\u00d1OS SL<\/strong> esta asociado a AIDIMA (Instituto tecnol\u00f3gico) , en la cual se realizan inspecciones y ensayos de laboratorio para garantizar la calidad y buen funcionamiento de los productos que ofrecen.<\/p>\n","protected":false},"featured_media":9312,"template":"","meta":[],"product_cat":[73],"product_tag":[],"class_list":{"0":"post-9311","1":"product","2":"type-product","3":"status-publish","4":"has-post-thumbnail","6":"product_cat-mamparas-correderas","8":"first","9":"instock","10":"shipping-taxable","11":"product-type-simple"},"yoast_head":"<!-- This site is optimized with the Yoast SEO plugin v22.9 - https:\/\/yoast.com\/wordpress\/plugins\/seo\/ -->\n<title>GME Basic | Mamparas Norte<\/title>\n<meta name=\"robots\" content=\"index, follow, max-snippet:-1, max-image-preview:large, max-video-preview:-1\" \/>\n<link rel=\"canonical\" href=\"https:\/\/www.mamparasnorte.com\/index.php\/producto\/gme-basic\/\" \/>\n<meta property=\"og:locale\" content=\"es_ES\" \/>\n<meta property=\"og:type\" content=\"article\" \/>\n<meta property=\"og:title\" content=\"GME Basic | Mamparas Norte\" \/>\n<meta property=\"og:description\" content=\"GME DIVISI\u00d3N BA\u00d1OS SL. es un grupo empresarial perteneciente a Lorente Holding VLC. Trabajan con la confianza que nos da la experiencia: 30 a\u00f1os fabricando y comercializando los mejores productos para el ba\u00f1o: desde platos de ducha y mamparas, hasta grifer\u00eda y lavabos cer\u00e1micos.  Desarrollan dos l\u00edneas de negocio. Una, como distribuidores de los mejores fabricantes de productos de ba\u00f1o. Otra, comercializando nuestras propias marcas: GME Mamparas y Ba\u00f1o, y Grifer\u00edas IO\u00ae. Puedes ver toda su gama de productos en este link.  CERTIFICADOS DE CALIDAD Preocupados por la calidad que ofrecemos a sus clientes, GME DIVISION BA\u00d1OS SL\u00a0dispone de certificados que garantizan la calidad de todos sus productos, los cuales cumplen con todas las normativas europeas.  Al mismo tiempo\u00a0GME DIVISION BA\u00d1OS SL esta asociado a AIDIMA (Instituto tecnol\u00f3gico) , en la cual se realizan inspecciones y ensayos de laboratorio para garantizar la calidad y buen funcionamiento de los productos que ofrecen.\" \/>\n<meta property=\"og:url\" content=\"https:\/\/www.mamparasnorte.com\/index.php\/producto\/gme-basic\/\" \/>\n<meta property=\"og:site_name\" content=\"Mamparas Norte\" \/>\n<meta property=\"article:modified_time\" content=\"2023-05-16T11:44:17+00:00\" \/>\n<meta property=\"og:image\" content=\"https:\/\/www.mamparasnorte.com\/wp-content\/uploads\/2023\/05\/GME_BASIC_LAT-FIJO.jpg\" \/>\n\t<meta property=\"og:image:width\" content=\"714\" \/>\n\t<meta property=\"og:image:height\" content=\"840\" \/>\n\t<meta property=\"og:image:type\" content=\"image\/jpeg\" \/>\n<meta name=\"twitter:card\" content=\"summary_large_image\" \/>\n<meta name=\"twitter:label1\" content=\"Tiempo de lectura\" \/>\n\t<meta name=\"twitter:data1\" content=\"4 minutos\" \/>\n<script type=\"application\/ld+json\" class=\"yoast-schema-graph\">{\"@context\":\"https:\/\/schema.org\",\"@graph\":[{\"@type\":\"WebPage\",\"@id\":\"https:\/\/www.mamparasnorte.com\/index.php\/producto\/gme-basic\/\",\"url\":\"https:\/\/www.mamparasnorte.com\/index.php\/producto\/gme-basic\/\",\"name\":\"GME Basic | Mamparas Norte\",\"isPartOf\":{\"@id\":\"http:\/\/www.mamparasnorte.com\/#website\"},\"primaryImageOfPage\":{\"@id\":\"https:\/\/www.mamparasnorte.com\/index.php\/producto\/gme-basic\/#primaryimage\"},\"image\":{\"@id\":\"https:\/\/www.mamparasnorte.com\/index.php\/producto\/gme-basic\/#primaryimage\"},\"thumbnailUrl\":\"https:\/\/www.mamparasnorte.com\/wp-content\/uploads\/2023\/05\/GME_BASIC_LAT-FIJO.jpg\",\"datePublished\":\"2023-05-16T11:38:49+00:00\",\"dateModified\":\"2023-05-16T11:44:17+00:00\",\"breadcrumb\":{\"@id\":\"https:\/\/www.mamparasnorte.com\/index.php\/producto\/gme-basic\/#breadcrumb\"},\"inLanguage\":\"es\",\"potentialAction\":[{\"@type\":\"ReadAction\",\"target\":[\"https:\/\/www.mamparasnorte.com\/index.php\/producto\/gme-basic\/\"]}]},{\"@type\":\"ImageObject\",\"inLanguage\":\"es\",\"@id\":\"https:\/\/www.mamparasnorte.com\/index.php\/producto\/gme-basic\/#primaryimage\",\"url\":\"https:\/\/www.mamparasnorte.com\/wp-content\/uploads\/2023\/05\/GME_BASIC_LAT-FIJO.jpg\",\"contentUrl\":\"https:\/\/www.mamparasnorte.com\/wp-content\/uploads\/2023\/05\/GME_BASIC_LAT-FIJO.jpg\",\"width\":714,\"height\":840,\"caption\":\"GME Basic\"},{\"@type\":\"BreadcrumbList\",\"@id\":\"https:\/\/www.mamparasnorte.com\/index.php\/producto\/gme-basic\/#breadcrumb\",\"itemListElement\":[{\"@type\":\"ListItem\",\"position\":1,\"name\":\"Portada\",\"item\":\"http:\/\/www.mamparasnorte.com\/\"},{\"@type\":\"ListItem\",\"position\":2,\"name\":\"Tienda\",\"item\":\"http:\/\/www.mamparasnorte.com\/index.php\/tienda\/\"},{\"@type\":\"ListItem\",\"position\":3,\"name\":\"GME Basic\"}]},{\"@type\":\"WebSite\",\"@id\":\"http:\/\/www.mamparasnorte.com\/#website\",\"url\":\"http:\/\/www.mamparasnorte.com\/\",\"name\":\"Mamparas Norte\",\"description\":\"Las mejores mamparas del Norte de Madrid\",\"alternateName\":\"mamparasnorte\",\"potentialAction\":[{\"@type\":\"SearchAction\",\"target\":{\"@type\":\"EntryPoint\",\"urlTemplate\":\"http:\/\/www.mamparasnorte.com\/?s={search_term_string}\"},\"query-input\":\"required name=search_term_string\"}],\"inLanguage\":\"es\"}]}<\/script>\n<!-- \/ Yoast SEO plugin. -->","yoast_head_json":{"title":"GME Basic | Mamparas Norte","robots":{"index":"index","follow":"follow","max-snippet":"max-snippet:-1","max-image-preview":"max-image-preview:large","max-video-preview":"max-video-preview:-1"},"canonical":"https:\/\/www.mamparasnorte.com\/index.php\/producto\/gme-basic\/","og_locale":"es_ES","og_type":"article","og_title":"GME Basic | Mamparas Norte","og_description":"GME DIVISI\u00d3N BA\u00d1OS SL. es un grupo empresarial perteneciente a Lorente Holding VLC. Trabajan con la confianza que nos da la experiencia: 30 a\u00f1os fabricando y comercializando los mejores productos para el ba\u00f1o: desde platos de ducha y mamparas, hasta grifer\u00eda y lavabos cer\u00e1micos.  Desarrollan dos l\u00edneas de negocio. Una, como distribuidores de los mejores fabricantes de productos de ba\u00f1o. Otra, comercializando nuestras propias marcas: GME Mamparas y Ba\u00f1o, y Grifer\u00edas IO\u00ae. Puedes ver toda su gama de productos en este link.  CERTIFICADOS DE CALIDAD Preocupados por la calidad que ofrecemos a sus clientes, GME DIVISION BA\u00d1OS SL\u00a0dispone de certificados que garantizan la calidad de todos sus productos, los cuales cumplen con todas las normativas europeas.  Al mismo tiempo\u00a0GME DIVISION BA\u00d1OS SL esta asociado a AIDIMA (Instituto tecnol\u00f3gico) , en la cual se realizan inspecciones y ensayos de laboratorio para garantizar la calidad y buen funcionamiento de los productos que ofrecen.","og_url":"https:\/\/www.mamparasnorte.com\/index.php\/producto\/gme-basic\/","og_site_name":"Mamparas Norte","article_modified_time":"2023-05-16T11:44:17+00:00","og_image":[{"width":714,"height":840,"url":"https:\/\/www.mamparasnorte.com\/wp-content\/uploads\/2023\/05\/GME_BASIC_LAT-FIJO.jpg","type":"image\/jpeg"}],"twitter_card":"summary_large_image","twitter_misc":{"Tiempo de lectura":"4 minutos"},"schema":{"@context":"https:\/\/schema.org","@graph":[{"@type":"WebPage","@id":"https:\/\/www.mamparasnorte.com\/index.php\/producto\/gme-basic\/","url":"https:\/\/www.mamparasnorte.com\/index.php\/producto\/gme-basic\/","name":"GME Basic | Mamparas Norte","isPartOf":{"@id":"http:\/\/www.mamparasnorte.com\/#website"},"primaryImageOfPage":{"@id":"https:\/\/www.mamparasnorte.com\/index.php\/producto\/gme-basic\/#primaryimage"},"image":{"@id":"https:\/\/www.mamparasnorte.com\/index.php\/producto\/gme-basic\/#primaryimage"},"thumbnailUrl":"https:\/\/www.mamparasnorte.com\/wp-content\/uploads\/2023\/05\/GME_BASIC_LAT-FIJO.jpg","datePublished":"2023-05-16T11:38:49+00:00","dateModified":"2023-05-16T11:44:17+00:00","breadcrumb":{"@id":"https:\/\/www.mamparasnorte.com\/index.php\/producto\/gme-basic\/#breadcrumb"},"inLanguage":"es","potentialAction":[{"@type":"ReadAction","target":["https:\/\/www.mamparasnorte.com\/index.php\/producto\/gme-basic\/"]}]},{"@type":"ImageObject","inLanguage":"es","@id":"https:\/\/www.mamparasnorte.com\/index.php\/producto\/gme-basic\/#primaryimage","url":"https:\/\/www.mamparasnorte.com\/wp-content\/uploads\/2023\/05\/GME_BASIC_LAT-FIJO.jpg","contentUrl":"https:\/\/www.mamparasnorte.com\/wp-content\/uploads\/2023\/05\/GME_BASIC_LAT-FIJO.jpg","width":714,"height":840,"caption":"GME Basic"},{"@type":"BreadcrumbList","@id":"https:\/\/www.mamparasnorte.com\/index.php\/producto\/gme-basic\/#breadcrumb","itemListElement":[{"@type":"ListItem","position":1,"name":"Portada","item":"http:\/\/www.mamparasnorte.com\/"},{"@type":"ListItem","position":2,"name":"Tienda","item":"http:\/\/www.mamparasnorte.com\/index.php\/tienda\/"},{"@type":"ListItem","position":3,"name":"GME Basic"}]},{"@type":"WebSite","@id":"http:\/\/www.mamparasnorte.com\/#website","url":"http:\/\/www.mamparasnorte.com\/","name":"Mamparas Norte","description":"Las mejores mamparas del Norte de Madrid","alternateName":"mamparasnorte","potentialAction":[{"@type":"SearchAction","target":{"@type":"EntryPoint","urlTemplate":"http:\/\/www.mamparasnorte.com\/?s={search_term_string}"},"query-input":"required name=search_term_string"}],"inLanguage":"es"}]}},"_links":{"self":[{"href":"https:\/\/www.mamparasnorte.com\/index.php\/wp-json\/wp\/v2\/product\/9311","targetHints":{"allow":["GET"]}}],"collection":[{"href":"https:\/\/www.mamparasnorte.com\/index.php\/wp-json\/wp\/v2\/product"}],"about":[{"href":"https:\/\/www.mamparasnorte.com\/index.php\/wp-json\/wp\/v2\/types\/product"}],"version-history":[{"count":1,"href":"https:\/\/www.mamparasnorte.com\/index.php\/wp-json\/wp\/v2\/product\/9311\/revisions"}],"predecessor-version":[{"id":9321,"href":"https:\/\/www.mamparasnorte.com\/index.php\/wp-json\/wp\/v2\/product\/9311\/revisions\/9321"}],"wp:featuredmedia":[{"embeddable":true,"href":"https:\/\/www.mamparasnorte.com\/index.php\/wp-json\/wp\/v2\/media\/9312"}],"wp:attachment":[{"href":"https:\/\/www.mamparasnorte.com\/index.php\/wp-json\/wp\/v2\/media?parent=9311"}],"wp:term":[{"taxonomy":"product_cat","embeddable":true,"href":"https:\/\/www.mamparasnorte.com\/index.php\/wp-json\/wp\/v2\/product_cat?post=9311"},{"taxonomy":"product_tag","embeddable":true,"href":"https:\/\/www.mamparasnorte.com\/index.php\/wp-json\/wp\/v2\/product_tag?post=9311"}],"curies":[{"name":"wp","href":"https:\/\/api.w.org\/{rel}","templated":true}]}}