{"id":9748,"date":"2024-02-16T17:44:25","date_gmt":"2024-02-16T16:44:25","guid":{"rendered":"https:\/\/www.mamparasnorte.com\/?post_type=product&#038;p=9748"},"modified":"2024-02-17T13:56:44","modified_gmt":"2024-02-17T12:56:44","slug":"kassandra-carola-2","status":"publish","type":"product","link":"https:\/\/www.mamparasnorte.com\/index.php\/producto\/kassandra-carola-2\/","title":{"rendered":"Lluvibath Carola 2"},"content":{"rendered":"<p>&#8211;\u00a0 Lat\u00f3n cromado, 2 v\u00edas.<br \/>\n&#8211; Cartucho monomando cer\u00e1mico, 4,0 cm.<br \/>\n&#8211; Presi\u00f3n m\u00ednima: 0,5 bar, m\u00e1xima: 5 bar.<br \/>\n&#8211; Caudal medio: 24 l\/min.<br \/>\n&#8211; Rociador ducha con r\u00f3tula, 20,5 x 20,5 cm antical, cromo y blanco.<br \/>\n&#8211; Mango de ducha 3 funciones cromo y blanco.<br \/>\n&#8211; Soporte de ducha manual regulable.<\/p>\n","protected":false},"excerpt":{"rendered":"<p>&#8211;\u00a0 Lat\u00f3n cromado, 2 v\u00edas. &#8211; Cartucho monomando cer\u00e1mico, 4,0 cm. &#8211; Presi\u00f3n m\u00ednima: 0,5 bar, m\u00e1xima: 5 bar. &#8211;<\/p>\n","protected":false},"featured_media":9751,"template":"","meta":[],"product_cat":[101,72],"product_tag":[],"class_list":{"0":"post-9748","1":"product","2":"type-product","3":"status-publish","4":"has-post-thumbnail","6":"product_cat-griferia","7":"product_cat-mamparas-fijas","9":"first","10":"instock","11":"shipping-taxable","12":"product-type-simple"},"yoast_head":"<!-- This site is optimized with the Yoast SEO plugin v22.9 - https:\/\/yoast.com\/wordpress\/plugins\/seo\/ -->\n<title>Lluvibath Carola 2 | Mamparas Norte<\/title>\n<meta name=\"robots\" content=\"index, follow, max-snippet:-1, max-image-preview:large, max-video-preview:-1\" \/>\n<link rel=\"canonical\" href=\"http:\/\/www.mamparasnorte.com\/index.php\/producto\/kassandra-carola-2\/\" \/>\n<meta property=\"og:locale\" content=\"es_ES\" \/>\n<meta property=\"og:type\" content=\"article\" \/>\n<meta property=\"og:title\" content=\"Lluvibath Carola 2 | Mamparas Norte\" \/>\n<meta property=\"og:description\" content=\"&#8211;\u00a0 Lat\u00f3n cromado, 2 v\u00edas. &#8211; Cartucho monomando cer\u00e1mico, 4,0 cm. &#8211; Presi\u00f3n m\u00ednima: 0,5 bar, m\u00e1xima: 5 bar. &#8211;\" \/>\n<meta property=\"og:url\" content=\"http:\/\/www.mamparasnorte.com\/index.php\/producto\/kassandra-carola-2\/\" \/>\n<meta property=\"og:site_name\" content=\"Mamparas Norte\" \/>\n<meta property=\"article:modified_time\" content=\"2024-02-17T12:56:44+00:00\" \/>\n<meta property=\"og:image\" content=\"http:\/\/www.mamparasnorte.com\/wp-content\/uploads\/2024\/02\/carola-ii-columna-de-ducha-griferia-monomando-cromo.jpg\" \/>\n\t<meta property=\"og:image:width\" content=\"1200\" \/>\n\t<meta property=\"og:image:height\" content=\"1372\" \/>\n\t<meta property=\"og:image:type\" content=\"image\/jpeg\" \/>\n<meta name=\"twitter:card\" content=\"summary_large_image\" \/>\n<script type=\"application\/ld+json\" class=\"yoast-schema-graph\">{\"@context\":\"https:\/\/schema.org\",\"@graph\":[{\"@type\":\"WebPage\",\"@id\":\"http:\/\/www.mamparasnorte.com\/index.php\/producto\/kassandra-carola-2\/\",\"url\":\"http:\/\/www.mamparasnorte.com\/index.php\/producto\/kassandra-carola-2\/\",\"name\":\"Lluvibath Carola 2 | Mamparas Norte\",\"isPartOf\":{\"@id\":\"http:\/\/www.mamparasnorte.com\/#website\"},\"primaryImageOfPage\":{\"@id\":\"http:\/\/www.mamparasnorte.com\/index.php\/producto\/kassandra-carola-2\/#primaryimage\"},\"image\":{\"@id\":\"http:\/\/www.mamparasnorte.com\/index.php\/producto\/kassandra-carola-2\/#primaryimage\"},\"thumbnailUrl\":\"https:\/\/www.mamparasnorte.com\/wp-content\/uploads\/2024\/02\/carola-ii-columna-de-ducha-griferia-monomando-cromo.jpg\",\"datePublished\":\"2024-02-16T16:44:25+00:00\",\"dateModified\":\"2024-02-17T12:56:44+00:00\",\"breadcrumb\":{\"@id\":\"http:\/\/www.mamparasnorte.com\/index.php\/producto\/kassandra-carola-2\/#breadcrumb\"},\"inLanguage\":\"es\",\"potentialAction\":[{\"@type\":\"ReadAction\",\"target\":[\"http:\/\/www.mamparasnorte.com\/index.php\/producto\/kassandra-carola-2\/\"]}]},{\"@type\":\"ImageObject\",\"inLanguage\":\"es\",\"@id\":\"http:\/\/www.mamparasnorte.com\/index.php\/producto\/kassandra-carola-2\/#primaryimage\",\"url\":\"https:\/\/www.mamparasnorte.com\/wp-content\/uploads\/2024\/02\/carola-ii-columna-de-ducha-griferia-monomando-cromo.jpg\",\"contentUrl\":\"https:\/\/www.mamparasnorte.com\/wp-content\/uploads\/2024\/02\/carola-ii-columna-de-ducha-griferia-monomando-cromo.jpg\",\"width\":1200,\"height\":1372},{\"@type\":\"BreadcrumbList\",\"@id\":\"http:\/\/www.mamparasnorte.com\/index.php\/producto\/kassandra-carola-2\/#breadcrumb\",\"itemListElement\":[{\"@type\":\"ListItem\",\"position\":1,\"name\":\"Portada\",\"item\":\"http:\/\/www.mamparasnorte.com\/\"},{\"@type\":\"ListItem\",\"position\":2,\"name\":\"Tienda\",\"item\":\"http:\/\/www.mamparasnorte.com\/index.php\/tienda\/\"},{\"@type\":\"ListItem\",\"position\":3,\"name\":\"Lluvibath Carola 2\"}]},{\"@type\":\"WebSite\",\"@id\":\"http:\/\/www.mamparasnorte.com\/#website\",\"url\":\"http:\/\/www.mamparasnorte.com\/\",\"name\":\"Mamparas Norte\",\"description\":\"Las mejores mamparas del Norte de Madrid\",\"alternateName\":\"mamparasnorte\",\"potentialAction\":[{\"@type\":\"SearchAction\",\"target\":{\"@type\":\"EntryPoint\",\"urlTemplate\":\"http:\/\/www.mamparasnorte.com\/?s={search_term_string}\"},\"query-input\":\"required name=search_term_string\"}],\"inLanguage\":\"es\"}]}<\/script>\n<!-- \/ Yoast SEO plugin. -->","yoast_head_json":{"title":"Lluvibath Carola 2 | Mamparas Norte","robots":{"index":"index","follow":"follow","max-snippet":"max-snippet:-1","max-image-preview":"max-image-preview:large","max-video-preview":"max-video-preview:-1"},"canonical":"http:\/\/www.mamparasnorte.com\/index.php\/producto\/kassandra-carola-2\/","og_locale":"es_ES","og_type":"article","og_title":"Lluvibath Carola 2 | Mamparas Norte","og_description":"&#8211;\u00a0 Lat\u00f3n cromado, 2 v\u00edas. &#8211; Cartucho monomando cer\u00e1mico, 4,0 cm. &#8211; Presi\u00f3n m\u00ednima: 0,5 bar, m\u00e1xima: 5 bar. &#8211;","og_url":"http:\/\/www.mamparasnorte.com\/index.php\/producto\/kassandra-carola-2\/","og_site_name":"Mamparas Norte","article_modified_time":"2024-02-17T12:56:44+00:00","og_image":[{"width":1200,"height":1372,"url":"http:\/\/www.mamparasnorte.com\/wp-content\/uploads\/2024\/02\/carola-ii-columna-de-ducha-griferia-monomando-cromo.jpg","type":"image\/jpeg"}],"twitter_card":"summary_large_image","schema":{"@context":"https:\/\/schema.org","@graph":[{"@type":"WebPage","@id":"http:\/\/www.mamparasnorte.com\/index.php\/producto\/kassandra-carola-2\/","url":"http:\/\/www.mamparasnorte.com\/index.php\/producto\/kassandra-carola-2\/","name":"Lluvibath Carola 2 | Mamparas Norte","isPartOf":{"@id":"http:\/\/www.mamparasnorte.com\/#website"},"primaryImageOfPage":{"@id":"http:\/\/www.mamparasnorte.com\/index.php\/producto\/kassandra-carola-2\/#primaryimage"},"image":{"@id":"http:\/\/www.mamparasnorte.com\/index.php\/producto\/kassandra-carola-2\/#primaryimage"},"thumbnailUrl":"https:\/\/www.mamparasnorte.com\/wp-content\/uploads\/2024\/02\/carola-ii-columna-de-ducha-griferia-monomando-cromo.jpg","datePublished":"2024-02-16T16:44:25+00:00","dateModified":"2024-02-17T12:56:44+00:00","breadcrumb":{"@id":"http:\/\/www.mamparasnorte.com\/index.php\/producto\/kassandra-carola-2\/#breadcrumb"},"inLanguage":"es","potentialAction":[{"@type":"ReadAction","target":["http:\/\/www.mamparasnorte.com\/index.php\/producto\/kassandra-carola-2\/"]}]},{"@type":"ImageObject","inLanguage":"es","@id":"http:\/\/www.mamparasnorte.com\/index.php\/producto\/kassandra-carola-2\/#primaryimage","url":"https:\/\/www.mamparasnorte.com\/wp-content\/uploads\/2024\/02\/carola-ii-columna-de-ducha-griferia-monomando-cromo.jpg","contentUrl":"https:\/\/www.mamparasnorte.com\/wp-content\/uploads\/2024\/02\/carola-ii-columna-de-ducha-griferia-monomando-cromo.jpg","width":1200,"height":1372},{"@type":"BreadcrumbList","@id":"http:\/\/www.mamparasnorte.com\/index.php\/producto\/kassandra-carola-2\/#breadcrumb","itemListElement":[{"@type":"ListItem","position":1,"name":"Portada","item":"http:\/\/www.mamparasnorte.com\/"},{"@type":"ListItem","position":2,"name":"Tienda","item":"http:\/\/www.mamparasnorte.com\/index.php\/tienda\/"},{"@type":"ListItem","position":3,"name":"Lluvibath Carola 2"}]},{"@type":"WebSite","@id":"http:\/\/www.mamparasnorte.com\/#website","url":"http:\/\/www.mamparasnorte.com\/","name":"Mamparas Norte","description":"Las mejores mamparas del Norte de Madrid","alternateName":"mamparasnorte","potentialAction":[{"@type":"SearchAction","target":{"@type":"EntryPoint","urlTemplate":"http:\/\/www.mamparasnorte.com\/?s={search_term_string}"},"query-input":"required name=search_term_string"}],"inLanguage":"es"}]}},"_links":{"self":[{"href":"https:\/\/www.mamparasnorte.com\/index.php\/wp-json\/wp\/v2\/product\/9748","targetHints":{"allow":["GET"]}}],"collection":[{"href":"https:\/\/www.mamparasnorte.com\/index.php\/wp-json\/wp\/v2\/product"}],"about":[{"href":"https:\/\/www.mamparasnorte.com\/index.php\/wp-json\/wp\/v2\/types\/product"}],"version-history":[{"count":2,"href":"https:\/\/www.mamparasnorte.com\/index.php\/wp-json\/wp\/v2\/product\/9748\/revisions"}],"predecessor-version":[{"id":9852,"href":"https:\/\/www.mamparasnorte.com\/index.php\/wp-json\/wp\/v2\/product\/9748\/revisions\/9852"}],"wp:featuredmedia":[{"embeddable":true,"href":"https:\/\/www.mamparasnorte.com\/index.php\/wp-json\/wp\/v2\/media\/9751"}],"wp:attachment":[{"href":"https:\/\/www.mamparasnorte.com\/index.php\/wp-json\/wp\/v2\/media?parent=9748"}],"wp:term":[{"taxonomy":"product_cat","embeddable":true,"href":"https:\/\/www.mamparasnorte.com\/index.php\/wp-json\/wp\/v2\/product_cat?post=9748"},{"taxonomy":"product_tag","embeddable":true,"href":"https:\/\/www.mamparasnorte.com\/index.php\/wp-json\/wp\/v2\/product_tag?post=9748"}],"curies":[{"name":"wp","href":"https:\/\/api.w.org\/{rel}","templated":true}]}}